{"id":816,"date":"2025-11-14T14:28:20","date_gmt":"2025-11-14T13:28:20","guid":{"rendered":"https:\/\/traildesetoiles.fr\/?page_id=816"},"modified":"2025-11-25T19:00:37","modified_gmt":"2025-11-25T18:00:37","slug":"mentions-legales","status":"publish","type":"page","link":"https:\/\/traildesetoiles.fr\/index.php\/mentions-legales\/","title":{"rendered":"Mentions l\u00e9gales"},"content":{"rendered":"\n<h2 class=\"wp-block-heading has-text-align-left\">1- Editeur du site<\/h2>\n\n\n\n<ul class=\"wp-block-list\">\n<li><strong>Nom :<\/strong>&nbsp;Queyras Trail<\/li>\n\n\n\n<li>F<strong>orme juridique :<\/strong>&nbsp;Association loi 1901<\/li>\n\n\n\n<li><strong>Si\u00e8ge social :<\/strong> 161, rue de la Chalp &#8211; 05350 Saint-Veran<\/li>\n\n\n\n<li><strong>SIRET :<\/strong><\/li>\n\n\n\n<li><strong>Nom de domaine<\/strong> :&nbsp;<a href=\"https:\/\/traildesetoiles.fr\">traildesetoiles.fr<\/a><\/li>\n<\/ul>\n\n\n\n<div style=\"height:40px\" aria-hidden=\"true\" class=\"wp-block-spacer\"><\/div>\n\n\n\n<h2 class=\"wp-block-heading has-text-align-left\">2- Responsables<\/h2>\n\n\n\n<ul class=\"wp-block-list\">\n<li><strong>Repr\u00e9sentant l\u00e9gale et responsable de la publication :<\/strong> \n<ul class=\"wp-block-list\">\n<li>Nom : Sylvain MAVIER<\/li>\n\n\n\n<li>E-mail :\u00a0<a data-type=\"mailto\" data-id=\"mailto:traildesetoiles05@gmail.com\" href=\"mailto:traildesetoiles05@gmail.com\">contact@traildesetoiles.fr<\/a><\/li>\n<\/ul>\n<\/li>\n\n\n\n<li><strong>Cr\u00e9ateur du site<\/strong> : Pierrick ARTIERES<\/li>\n\n\n\n<li><strong>Webmaster :<\/strong> Pierrick ARTIERES<\/li>\n\n\n\n<li><strong>Photographies : <\/strong>\n<ul class=\"wp-block-list\">\n<li>\u00a9 Pierre Papet, <a href=\"https:\/\/www.instagram.com\/further.run?utm_source=ig_web_button_share_sheet&amp;igsh=ZDNlZDc0MzIxNw==\" target=\"_blank\" rel=\"noreferrer noopener\">@further.run<\/a><\/li>\n\n\n\n<li>\u00a9 Pierre Barrot, <a href=\"https:\/\/pierrebarrotphotographies.com\/\">https:\/\/pierrebarrotphotographies.com<\/a><\/li>\n<\/ul>\n<\/li>\n<\/ul>\n\n\n\n<div style=\"height:40px\" aria-hidden=\"true\" class=\"wp-block-spacer\"><\/div>\n\n\n\n<h2 class=\"wp-block-heading\">3- Propri\u00e9t\u00e9 intellectuelle<\/h2>\n\n\n\n<ul class=\"wp-block-list\">\n<li>Tout le contenu du pr\u00e9sent site www.traildesetoiles.fr, incluant, de fa\u00e7on non limitative, les graphismes, images, textes, vid\u00e9os, animations, sons, logos, gifs et ic\u00f4nes ainsi que leur mise en forme sont la propri\u00e9t\u00e9 exclusive de l&rsquo;association Queyras Trail, \u00e0 l\u2019exception des marques, logos ou contenus appartenant \u00e0 d\u2019autres soci\u00e9t\u00e9s partenaires ou auteurs aupr\u00e8s de qui Queyras Trail a acquis le droit d\u2019utilisation<\/li>\n\n\n\n<li>Il rel\u00e8ve de la l\u00e9gislation fran\u00e7aise et internationale sur le droit d\u2019auteur et la propri\u00e9t\u00e9 intellectuelle.<\/li>\n\n\n\n<li>Toute reproduction, distribution, modification, adaptation, retransmission ou publication, m\u00eame partielle, de ces diff\u00e9rents \u00e9l\u00e9ments est strictement interdite sans l\u2019accord expr\u00e8s par \u00e9crit du Directeur de la publication.<\/li>\n<\/ul>\n\n\n\n<div style=\"height:40px\" aria-hidden=\"true\" class=\"wp-block-spacer\"><\/div>\n\n\n\n<h2 class=\"wp-block-heading\">4- H\u00e9bergement<\/h2>\n\n\n\n<ul class=\"wp-block-list\">\n<li>Nom H\u00e9bergeur : <strong>OVH<\/strong>&nbsp;<a href=\"http:\/\/www.ovh.com\" target=\"_blank\" rel=\"noreferrer noopener\">www.ovh.com<\/a><\/li>\n\n\n\n<li>Forme juridique : SAS au capital de 10 069 020 \u20ac immatricul\u00e9 au RCS Lille M\u00e9tropole 424 761 419 00045 &#8211; Code APE 6202A<\/li>\n\n\n\n<li>Si\u00e8ge social : 2 rue Kellermann &#8211; 59100 Roubaix &#8211; France<\/li>\n\n\n\n<li>T\u00e9l\u00e9phone : 09 55 00 66 33<\/li>\n<\/ul>\n\n\n\n<div style=\"height:40px\" aria-hidden=\"true\" class=\"wp-block-spacer\"><\/div>\n\n\n\n<h2 class=\"wp-block-heading\">5- Donn\u00e9es personnelles<\/h2>\n\n\n\n<ul class=\"wp-block-list\">\n<li>De mani\u00e8re g\u00e9n\u00e9rale, vous n\u2019\u00eates pas tenu de nous communiquer vos donn\u00e9es personnelles lorsque vous visitez notre site internet www.traildesetoiles.fr<\/li>\n\n\n\n<li>Le site collecte n\u00e9anmoins les informations transmises via le formulaire de contact. \n<ul class=\"wp-block-list\">\n<li>Ces donn\u00e9es sont utilis\u00e9es uniquement pour r\u00e9pondre aux demandes et ne sont pas partag\u00e9es avec des tiers. <\/li>\n\n\n\n<li>Elles sont conserv\u00e9es pour une dur\u00e9e maximale de 12 mois.<\/li>\n<\/ul>\n<\/li>\n\n\n\n<li>Conform\u00e9ment \u00e0 la loi fran\u00e7aise Informatique et Libert\u00e9 n\u00b0 78-17 du 6 janvier 1978, vous b\u00e9n\u00e9ficiez d\u2019un droit d\u2019acc\u00e8s, de rectification et de suppression concernant ces informations \u00e0 caract\u00e8re personnel. \n<ul class=\"wp-block-list\">\n<li>Vous pouvez exercer ce droit en \u00e9crivant \u00e0 traildesetoiles05@gmail.com<\/li>\n<\/ul>\n<\/li>\n<\/ul>\n\n\n\n<div style=\"height:40px\" aria-hidden=\"true\" class=\"wp-block-spacer\"><\/div>\n\n\n\n<h2 class=\"wp-block-heading\">6- Cookies<\/h2>\n\n\n\n<ul class=\"wp-block-list\">\n<li>Le site www.traildesetoiles utilise les cookies indispensables au fonctionnement de WordPress et Google Analytics pour des besoins de statistiques et d\u2019affichage.<\/li>\n\n\n\n<li>Un cookie est une information d\u00e9pos\u00e9e sur votre disque dur par le serveur du site que vous visitez.<\/li>\n\n\n\n<li>Il contient plusieurs donn\u00e9es qui sont stock\u00e9es sur votre ordinateur dans un simple fichier texte auquel un serveur acc\u00e8de pour lire et enregistrer des informations. Certaines parties de ce site ne peuvent \u00eatre fonctionnelles sans l\u2019acceptation de cookies.<\/li>\n\n\n\n<li>Vous pouvez configurer ou d\u00e9sactiver les cookies depuis votre navigateur.<\/li>\n<\/ul>\n\n\n\n<div style=\"height:40px\" aria-hidden=\"true\" class=\"wp-block-spacer\"><\/div>\n\n\n\n<h2 class=\"wp-block-heading\">7- Responsabilit\u00e9<\/h2>\n\n\n\n<ul class=\"wp-block-list\">\n<li>Les informations contenues sur ce site sont aussi pr\u00e9cises que possible et le site est mis \u00e0 jour \u00e0 diff\u00e9rentes p\u00e9riodes de l\u2019ann\u00e9e, mais peut toutefois contenir des inexactitudes ou des omissions.<\/li>\n\n\n\n<li>L\u2019association Queyras Trail d\u00e9cline toute responsabilit\u00e9 pour le contenu des sites externes vers lesquels des liens sont propos\u00e9s.<\/li>\n\n\n\n<li>Il appartient \u00e0 chaque utilisateur d&rsquo;Internet de prendre toutes les mesures appropri\u00e9es de fa\u00e7on \u00e0 prot\u00e9ger son poste informatique de la contamination d&rsquo;\u00e9ventuels virus et autres programmes malveillants circulant sur Internet.<\/li>\n<\/ul>\n\n\n\n<div style=\"height:40px\" aria-hidden=\"true\" class=\"wp-block-spacer\"><\/div>\n\n\n\n<h2 class=\"wp-block-heading\">8- Litiges<\/h2>\n\n\n\n<ul class=\"wp-block-list\">\n<li>Les pr\u00e9sentes conditions du site www.traildesetoiles.fr sont r\u00e9gies par les lois fran\u00e7aises et toute contestation ou litiges qui pourraient na\u00eetre de l\u2019interpr\u00e9tation ou de l\u2019ex\u00e9cution de celles-ci seront de la comp\u00e9tence exclusive des tribunaux dont d\u00e9pend le si\u00e8ge social de la soci\u00e9t\u00e9. <\/li>\n\n\n\n<li>La langue de r\u00e9f\u00e9rence, pour le r\u00e8glement de contentieux \u00e9ventuels, est le fran\u00e7ais.<\/li>\n<\/ul>\n\n\n\n<p><\/p>\n","protected":false},"excerpt":{"rendered":"<p>1- Editeur du site 2- Responsables 3- Propri\u00e9t\u00e9 intellectuelle 4- H\u00e9bergement 5- Donn\u00e9es personnelles 6- Cookies 7- Responsabilit\u00e9 8- Litiges<\/p>\n","protected":false},"author":2,"featured_media":0,"parent":0,"menu_order":0,"comment_status":"closed","ping_status":"closed","template":"","meta":{"_uag_custom_page_level_css":"","site-sidebar-layout":"default","site-content-layout":"","ast-site-content-layout":"default","site-content-style":"default","site-sidebar-style":"default","ast-global-header-display":"","ast-banner-title-visibility":"","ast-main-header-display":"","ast-hfb-above-header-display":"","ast-hfb-below-header-display":"","ast-hfb-mobile-header-display":"","site-post-title":"","ast-breadcrumbs-content":"","ast-featured-img":"","footer-sml-layout":"","ast-disable-related-posts":"","theme-transparent-header-meta":"","adv-header-id-meta":"","stick-header-meta":"","header-above-stick-meta":"","header-main-stick-meta":"","header-below-stick-meta":"","astra-migrate-meta-layouts":"default","ast-page-background-enabled":"default","ast-page-background-meta":{"desktop":{"background-color":"var(--ast-global-color-5)","background-image":"","background-repeat":"repeat","background-position":"center center","background-size":"auto","background-attachment":"scroll","background-type":"","background-media":"","overlay-type":"","overlay-color":"","overlay-opacity":"","overlay-gradient":""},"tablet":{"background-color":"","background-image":"","background-repeat":"repeat","background-position":"center center","background-size":"auto","background-attachment":"scroll","background-type":"","background-media":"","overlay-type":"","overlay-color":"","overlay-opacity":"","overlay-gradient":""},"mobile":{"background-color":"","background-image":"","background-repeat":"repeat","background-position":"center center","background-size":"auto","background-attachment":"scroll","background-type":"","background-media":"","overlay-type":"","overlay-color":"","overlay-opacity":"","overlay-gradient":""}},"ast-content-background-meta":{"desktop":{"background-color":"var(--ast-global-color-4)","background-image":"","background-repeat":"repeat","background-position":"center center","background-size":"auto","background-attachment":"scroll","background-type":"","background-media":"","overlay-type":"","overlay-color":"","overlay-opacity":"","overlay-gradient":""},"tablet":{"background-color":"var(--ast-global-color-4)","background-image":"","background-repeat":"repeat","background-position":"center center","background-size":"auto","background-attachment":"scroll","background-type":"","background-media":"","overlay-type":"","overlay-color":"","overlay-opacity":"","overlay-gradient":""},"mobile":{"background-color":"var(--ast-global-color-4)","background-image":"","background-repeat":"repeat","background-position":"center center","background-size":"auto","background-attachment":"scroll","background-type":"","background-media":"","overlay-type":"","overlay-color":"","overlay-opacity":"","overlay-gradient":""}},"footnotes":""},"class_list":["post-816","page","type-page","status-publish","hentry"],"yoast_head":"<!-- This site is optimized with the Yoast SEO plugin v27.2 - https:\/\/yoast.com\/product\/yoast-seo-wordpress\/ -->\n<title>Mentions l\u00e9gales - Trail des Etoiles<\/title>\n<meta name=\"robots\" content=\"index, follow, max-snippet:-1, max-image-preview:large, max-video-preview:-1\" \/>\n<link rel=\"canonical\" href=\"https:\/\/traildesetoiles.fr\/index.php\/mentions-legales\/\" \/>\n<meta property=\"og:locale\" content=\"fr_FR\" \/>\n<meta property=\"og:type\" content=\"article\" \/>\n<meta property=\"og:title\" content=\"Mentions l\u00e9gales - Trail des Etoiles\" \/>\n<meta property=\"og:description\" content=\"1- Editeur du site 2- Responsables 3- Propri\u00e9t\u00e9 intellectuelle 4- H\u00e9bergement 5- Donn\u00e9es personnelles 6- Cookies 7- Responsabilit\u00e9 8- Litiges\" \/>\n<meta property=\"og:url\" content=\"https:\/\/traildesetoiles.fr\/index.php\/mentions-legales\/\" \/>\n<meta property=\"og:site_name\" content=\"Trail des Etoiles\" \/>\n<meta property=\"article:publisher\" content=\"https:\/\/www.facebook.com\/trail.des.etoiles.05\/\" \/>\n<meta property=\"article:modified_time\" content=\"2025-11-25T18:00:37+00:00\" \/>\n<meta name=\"twitter:card\" content=\"summary_large_image\" \/>\n<meta name=\"twitter:label1\" content=\"Dur\u00e9e de lecture estim\u00e9e\" \/>\n\t<meta name=\"twitter:data1\" content=\"3 minutes\" \/>\n<script type=\"application\/ld+json\" class=\"yoast-schema-graph\">{\"@context\":\"https:\/\/schema.org\",\"@graph\":[{\"@type\":\"WebPage\",\"@id\":\"https:\/\/traildesetoiles.fr\/index.php\/mentions-legales\/\",\"url\":\"https:\/\/traildesetoiles.fr\/index.php\/mentions-legales\/\",\"name\":\"Mentions l\u00e9gales - Trail des Etoiles\",\"isPartOf\":{\"@id\":\"https:\/\/traildesetoiles.fr\/#website\"},\"datePublished\":\"2025-11-14T13:28:20+00:00\",\"dateModified\":\"2025-11-25T18:00:37+00:00\",\"breadcrumb\":{\"@id\":\"https:\/\/traildesetoiles.fr\/index.php\/mentions-legales\/#breadcrumb\"},\"inLanguage\":\"fr-FR\",\"potentialAction\":[{\"@type\":\"ReadAction\",\"target\":[\"https:\/\/traildesetoiles.fr\/index.php\/mentions-legales\/\"]}]},{\"@type\":\"BreadcrumbList\",\"@id\":\"https:\/\/traildesetoiles.fr\/index.php\/mentions-legales\/#breadcrumb\",\"itemListElement\":[{\"@type\":\"ListItem\",\"position\":1,\"name\":\"Accueil\",\"item\":\"https:\/\/traildesetoiles.fr\/\"},{\"@type\":\"ListItem\",\"position\":2,\"name\":\"Mentions l\u00e9gales\"}]},{\"@type\":\"WebSite\",\"@id\":\"https:\/\/traildesetoiles.fr\/#website\",\"url\":\"https:\/\/traildesetoiles.fr\/\",\"name\":\"Trail des Etoiles\",\"description\":\"by Queyras Trail\",\"publisher\":{\"@id\":\"https:\/\/traildesetoiles.fr\/#organization\"},\"potentialAction\":[{\"@type\":\"SearchAction\",\"target\":{\"@type\":\"EntryPoint\",\"urlTemplate\":\"https:\/\/traildesetoiles.fr\/?s={search_term_string}\"},\"query-input\":{\"@type\":\"PropertyValueSpecification\",\"valueRequired\":true,\"valueName\":\"search_term_string\"}}],\"inLanguage\":\"fr-FR\"},{\"@type\":\"Organization\",\"@id\":\"https:\/\/traildesetoiles.fr\/#organization\",\"name\":\"Trail des Etoiles\",\"url\":\"https:\/\/traildesetoiles.fr\/\",\"logo\":{\"@type\":\"ImageObject\",\"inLanguage\":\"fr-FR\",\"@id\":\"https:\/\/traildesetoiles.fr\/#\/schema\/logo\/image\/\",\"url\":\"https:\/\/traildesetoiles.fr\/wp-content\/uploads\/2025\/11\/cropped-trail-black-02-scaled-1.png\",\"contentUrl\":\"https:\/\/traildesetoiles.fr\/wp-content\/uploads\/2025\/11\/cropped-trail-black-02-scaled-1.png\",\"width\":2558,\"height\":1206,\"caption\":\"Trail des Etoiles\"},\"image\":{\"@id\":\"https:\/\/traildesetoiles.fr\/#\/schema\/logo\/image\/\"},\"sameAs\":[\"https:\/\/www.facebook.com\/trail.des.etoiles.05\/\",\"https:\/\/www.instagram.com\/traildesetoiles05\/\"]}]}<\/script>\n<!-- \/ Yoast SEO plugin. -->","yoast_head_json":{"title":"Mentions l\u00e9gales - Trail des Etoiles","robots":{"index":"index","follow":"follow","max-snippet":"max-snippet:-1","max-image-preview":"max-image-preview:large","max-video-preview":"max-video-preview:-1"},"canonical":"https:\/\/traildesetoiles.fr\/index.php\/mentions-legales\/","og_locale":"fr_FR","og_type":"article","og_title":"Mentions l\u00e9gales - Trail des Etoiles","og_description":"1- Editeur du site 2- Responsables 3- Propri\u00e9t\u00e9 intellectuelle 4- H\u00e9bergement 5- Donn\u00e9es personnelles 6- Cookies 7- Responsabilit\u00e9 8- Litiges","og_url":"https:\/\/traildesetoiles.fr\/index.php\/mentions-legales\/","og_site_name":"Trail des Etoiles","article_publisher":"https:\/\/www.facebook.com\/trail.des.etoiles.05\/","article_modified_time":"2025-11-25T18:00:37+00:00","twitter_card":"summary_large_image","twitter_misc":{"Dur\u00e9e de lecture estim\u00e9e":"3 minutes"},"schema":{"@context":"https:\/\/schema.org","@graph":[{"@type":"WebPage","@id":"https:\/\/traildesetoiles.fr\/index.php\/mentions-legales\/","url":"https:\/\/traildesetoiles.fr\/index.php\/mentions-legales\/","name":"Mentions l\u00e9gales - Trail des Etoiles","isPartOf":{"@id":"https:\/\/traildesetoiles.fr\/#website"},"datePublished":"2025-11-14T13:28:20+00:00","dateModified":"2025-11-25T18:00:37+00:00","breadcrumb":{"@id":"https:\/\/traildesetoiles.fr\/index.php\/mentions-legales\/#breadcrumb"},"inLanguage":"fr-FR","potentialAction":[{"@type":"ReadAction","target":["https:\/\/traildesetoiles.fr\/index.php\/mentions-legales\/"]}]},{"@type":"BreadcrumbList","@id":"https:\/\/traildesetoiles.fr\/index.php\/mentions-legales\/#breadcrumb","itemListElement":[{"@type":"ListItem","position":1,"name":"Accueil","item":"https:\/\/traildesetoiles.fr\/"},{"@type":"ListItem","position":2,"name":"Mentions l\u00e9gales"}]},{"@type":"WebSite","@id":"https:\/\/traildesetoiles.fr\/#website","url":"https:\/\/traildesetoiles.fr\/","name":"Trail des Etoiles","description":"by Queyras Trail","publisher":{"@id":"https:\/\/traildesetoiles.fr\/#organization"},"potentialAction":[{"@type":"SearchAction","target":{"@type":"EntryPoint","urlTemplate":"https:\/\/traildesetoiles.fr\/?s={search_term_string}"},"query-input":{"@type":"PropertyValueSpecification","valueRequired":true,"valueName":"search_term_string"}}],"inLanguage":"fr-FR"},{"@type":"Organization","@id":"https:\/\/traildesetoiles.fr\/#organization","name":"Trail des Etoiles","url":"https:\/\/traildesetoiles.fr\/","logo":{"@type":"ImageObject","inLanguage":"fr-FR","@id":"https:\/\/traildesetoiles.fr\/#\/schema\/logo\/image\/","url":"https:\/\/traildesetoiles.fr\/wp-content\/uploads\/2025\/11\/cropped-trail-black-02-scaled-1.png","contentUrl":"https:\/\/traildesetoiles.fr\/wp-content\/uploads\/2025\/11\/cropped-trail-black-02-scaled-1.png","width":2558,"height":1206,"caption":"Trail des Etoiles"},"image":{"@id":"https:\/\/traildesetoiles.fr\/#\/schema\/logo\/image\/"},"sameAs":["https:\/\/www.facebook.com\/trail.des.etoiles.05\/","https:\/\/www.instagram.com\/traildesetoiles05\/"]}]}},"uagb_featured_image_src":{"full":false,"thumbnail":false,"medium":false,"medium_large":false,"large":false,"1536x1536":false,"2048x2048":false},"uagb_author_info":{"display_name":"Pierrick A","author_link":"https:\/\/traildesetoiles.fr\/index.php\/author\/pierrick-a\/"},"uagb_comment_info":0,"uagb_excerpt":"1- Editeur du site 2- Responsables 3- Propri\u00e9t\u00e9 intellectuelle 4- H\u00e9bergement 5- Donn\u00e9es personnelles 6- Cookies 7- Responsabilit\u00e9 8- Litiges","_links":{"self":[{"href":"https:\/\/traildesetoiles.fr\/index.php\/wp-json\/wp\/v2\/pages\/816","targetHints":{"allow":["GET"]}}],"collection":[{"href":"https:\/\/traildesetoiles.fr\/index.php\/wp-json\/wp\/v2\/pages"}],"about":[{"href":"https:\/\/traildesetoiles.fr\/index.php\/wp-json\/wp\/v2\/types\/page"}],"author":[{"embeddable":true,"href":"https:\/\/traildesetoiles.fr\/index.php\/wp-json\/wp\/v2\/users\/2"}],"replies":[{"embeddable":true,"href":"https:\/\/traildesetoiles.fr\/index.php\/wp-json\/wp\/v2\/comments?post=816"}],"version-history":[{"count":15,"href":"https:\/\/traildesetoiles.fr\/index.php\/wp-json\/wp\/v2\/pages\/816\/revisions"}],"predecessor-version":[{"id":1150,"href":"https:\/\/traildesetoiles.fr\/index.php\/wp-json\/wp\/v2\/pages\/816\/revisions\/1150"}],"wp:attachment":[{"href":"https:\/\/traildesetoiles.fr\/index.php\/wp-json\/wp\/v2\/media?parent=816"}],"curies":[{"name":"wp","href":"https:\/\/api.w.org\/{rel}","templated":true}]}}