{"id":512,"date":"2025-11-03T23:50:44","date_gmt":"2025-11-03T22:50:44","guid":{"rendered":"http:\/\/traildesetoiles.fr\/?page_id=512"},"modified":"2025-11-17T23:43:05","modified_gmt":"2025-11-17T22:43:05","slug":"benevoles","status":"publish","type":"page","link":"https:\/\/traildesetoiles.fr\/index.php\/benevoles\/","title":{"rendered":"BENEVOLES"},"content":{"rendered":"\n<div class=\"wp-block-cover alignfull is-light has-custom-content-position is-position-top-center\"><img loading=\"lazy\" decoding=\"async\" width=\"1024\" height=\"683\" class=\"wp-block-cover__image-background wp-image-516 size-large\" alt=\"\" src=\"https:\/\/traildesetoiles.fr\/wp-content\/uploads\/2025\/11\/PierrePapet-TrailDesEtoiles-SecondBatch-1304-1024x683.jpg\" style=\"object-position:42% 47%\" data-object-fit=\"cover\" data-object-position=\"42% 47%\" srcset=\"https:\/\/traildesetoiles.fr\/wp-content\/uploads\/2025\/11\/PierrePapet-TrailDesEtoiles-SecondBatch-1304-1024x683.jpg 1024w, https:\/\/traildesetoiles.fr\/wp-content\/uploads\/2025\/11\/PierrePapet-TrailDesEtoiles-SecondBatch-1304-300x200.jpg 300w, https:\/\/traildesetoiles.fr\/wp-content\/uploads\/2025\/11\/PierrePapet-TrailDesEtoiles-SecondBatch-1304-768x512.jpg 768w, https:\/\/traildesetoiles.fr\/wp-content\/uploads\/2025\/11\/PierrePapet-TrailDesEtoiles-SecondBatch-1304-1536x1024.jpg 1536w, https:\/\/traildesetoiles.fr\/wp-content\/uploads\/2025\/11\/PierrePapet-TrailDesEtoiles-SecondBatch-1304-2048x1365.jpg 2048w\" sizes=\"auto, (max-width: 1024px) 100vw, 1024px\" \/><span aria-hidden=\"true\" class=\"wp-block-cover__background has-background-dim\" style=\"background-color:#9b776d\"><\/span><div class=\"wp-block-cover__inner-container is-layout-constrained wp-block-cover-is-layout-constrained\">\n<p class=\"has-text-align-center has-luminous-vivid-orange-color has-text-color has-background has-link-color wp-elements-682915300ce553d3cc7dc6538ba1ab50\" style=\"background-color:#405e38;margin-top:0;margin-bottom:0;padding-top:0;padding-bottom:0;font-size:32px\">Devenez BENEVOLES<\/p>\n<\/div><\/div>\n\n\n\n<p><\/p>\n\n\n\n<div class=\"wp-block-cover alignfull is-light\" style=\"min-height:558px;aspect-ratio:unset;\"><span aria-hidden=\"true\" class=\"wp-block-cover__background has-background-dim-100 has-background-dim\" style=\"background-color:#ffffff\"><\/span><div class=\"wp-block-cover__inner-container is-layout-flow wp-block-cover-is-layout-flow\">\n<div class=\"wp-block-media-text has-media-on-the-right is-stacked-on-mobile is-vertically-aligned-center is-image-fill-element has-border-color has-ast-global-color-5-background-color has-background\" style=\"border-color:#405e38;border-width:9px;padding-top:var(--wp--preset--spacing--30);padding-right:var(--wp--preset--spacing--30);padding-bottom:var(--wp--preset--spacing--30);padding-left:var(--wp--preset--spacing--30);grid-template-columns:auto 40%\"><div class=\"wp-block-media-text__content\">\n<h2 class=\"wp-block-heading has-text-align-center has-text-color\" style=\"color:#000000;font-size:35px\">Ensemble, rendons cet \u00e9v\u00e9nement unique !<\/h2>\n\n\n\n<p class=\"has-text-align-center has-text-color\" style=\"color:#000000;font-size:20px\">Que vous soyez d\u00e9j\u00e0 un habitu\u00e9 ou que ce soit votre premi\u00e8re exp\u00e9rience, nous vous accueillons \u00e0 bras ouverts. <\/p>\n\n\n\n<p class=\"has-text-align-center has-text-color\" style=\"color:#000000;font-size:20px\">Votre soutien est essentiel pour le bon d\u00e9roulement de l&rsquo;\u00e9v\u00e9nement, que ce soit en montagne sur le parcours, \u00e0 l&rsquo;accueil des coureurs ou \u00e0 la gestion des ravitaillements. Participez \u00e0 une exp\u00e9rience enrichissante au c\u0153ur de la nature, partagez votre passion pour le sport et rencontrez un groupe de personnes passionn\u00e9 par le trail et notre vall\u00e9e.<\/p>\n\n\n\n<div class=\"wp-block-buttons is-content-justification-center is-layout-flex wp-container-core-buttons-is-layout-a89b3969 wp-block-buttons-is-layout-flex\">\n<div class=\"wp-block-button has-custom-width wp-block-button__width-75 is-style-fill\"><a class=\"wp-block-button__link has-luminous-vivid-orange-color has-text-color has-background has-link-color has-medium-font-size has-text-align-center has-custom-font-size wp-element-button\" style=\"background-color:#405e38\">Formulaire BENEVOLES<\/a><\/div>\n<\/div>\n<\/div><figure class=\"wp-block-media-text__media\"><img decoding=\"async\" src=\"https:\/\/traildesetoiles.fr\/wp-content\/uploads\/2025\/11\/PBP7676-PIERRE-BARROT-PHOTOGRAPHIES.jpg\" alt=\"\" class=\"wp-image-515 size-full\" style=\"object-position:0% 69%\"\/><\/figure><\/div>\n<\/div><\/div>\n\n\n\n<figure class=\"wp-block-gallery has-nested-images columns-4 is-cropped wp-block-gallery-1 is-layout-flex wp-block-gallery-is-layout-flex\">\n<figure class=\"wp-block-image size-large\"><img loading=\"lazy\" decoding=\"async\" width=\"1024\" height=\"683\" data-id=\"519\" src=\"https:\/\/traildesetoiles.fr\/wp-content\/uploads\/2025\/11\/PBP7676-PIERRE-BARROT-PHOTOGRAPHIES-1-1024x683.jpg\" alt=\"\" class=\"wp-image-519\" srcset=\"https:\/\/traildesetoiles.fr\/wp-content\/uploads\/2025\/11\/PBP7676-PIERRE-BARROT-PHOTOGRAPHIES-1-1024x683.jpg 1024w, https:\/\/traildesetoiles.fr\/wp-content\/uploads\/2025\/11\/PBP7676-PIERRE-BARROT-PHOTOGRAPHIES-1-300x200.jpg 300w, https:\/\/traildesetoiles.fr\/wp-content\/uploads\/2025\/11\/PBP7676-PIERRE-BARROT-PHOTOGRAPHIES-1-768x512.jpg 768w, https:\/\/traildesetoiles.fr\/wp-content\/uploads\/2025\/11\/PBP7676-PIERRE-BARROT-PHOTOGRAPHIES-1-1536x1024.jpg 1536w, https:\/\/traildesetoiles.fr\/wp-content\/uploads\/2025\/11\/PBP7676-PIERRE-BARROT-PHOTOGRAPHIES-1-2048x1365.jpg 2048w\" sizes=\"auto, (max-width: 1024px) 100vw, 1024px\" \/><\/figure>\n\n\n\n<figure class=\"wp-block-image size-large\"><img loading=\"lazy\" decoding=\"async\" width=\"1024\" height=\"683\" data-id=\"520\" src=\"https:\/\/traildesetoiles.fr\/wp-content\/uploads\/2025\/11\/PBP7637-PIERRE-BARROT-PHOTOGRAPHIES-1-1024x683.jpg\" alt=\"\" class=\"wp-image-520\" srcset=\"https:\/\/traildesetoiles.fr\/wp-content\/uploads\/2025\/11\/PBP7637-PIERRE-BARROT-PHOTOGRAPHIES-1-1024x683.jpg 1024w, https:\/\/traildesetoiles.fr\/wp-content\/uploads\/2025\/11\/PBP7637-PIERRE-BARROT-PHOTOGRAPHIES-1-300x200.jpg 300w, https:\/\/traildesetoiles.fr\/wp-content\/uploads\/2025\/11\/PBP7637-PIERRE-BARROT-PHOTOGRAPHIES-1-768x512.jpg 768w, https:\/\/traildesetoiles.fr\/wp-content\/uploads\/2025\/11\/PBP7637-PIERRE-BARROT-PHOTOGRAPHIES-1-1536x1024.jpg 1536w, https:\/\/traildesetoiles.fr\/wp-content\/uploads\/2025\/11\/PBP7637-PIERRE-BARROT-PHOTOGRAPHIES-1-2048x1365.jpg 2048w\" sizes=\"auto, (max-width: 1024px) 100vw, 1024px\" \/><\/figure>\n\n\n\n<figure class=\"wp-block-image size-large\"><img loading=\"lazy\" decoding=\"async\" width=\"683\" height=\"1024\" data-id=\"517\" src=\"https:\/\/traildesetoiles.fr\/wp-content\/uploads\/2025\/11\/PBP7673-PIERRE-BARROT-PHOTOGRAPHIES-683x1024.jpg\" alt=\"\" class=\"wp-image-517\" srcset=\"https:\/\/traildesetoiles.fr\/wp-content\/uploads\/2025\/11\/PBP7673-PIERRE-BARROT-PHOTOGRAPHIES-683x1024.jpg 683w, https:\/\/traildesetoiles.fr\/wp-content\/uploads\/2025\/11\/PBP7673-PIERRE-BARROT-PHOTOGRAPHIES-200x300.jpg 200w, https:\/\/traildesetoiles.fr\/wp-content\/uploads\/2025\/11\/PBP7673-PIERRE-BARROT-PHOTOGRAPHIES-768x1152.jpg 768w, https:\/\/traildesetoiles.fr\/wp-content\/uploads\/2025\/11\/PBP7673-PIERRE-BARROT-PHOTOGRAPHIES-1024x1536.jpg 1024w, https:\/\/traildesetoiles.fr\/wp-content\/uploads\/2025\/11\/PBP7673-PIERRE-BARROT-PHOTOGRAPHIES-1365x2048.jpg 1365w, https:\/\/traildesetoiles.fr\/wp-content\/uploads\/2025\/11\/PBP7673-PIERRE-BARROT-PHOTOGRAPHIES-scaled.jpg 1707w\" sizes=\"auto, (max-width: 683px) 100vw, 683px\" \/><\/figure>\n\n\n\n<figure class=\"wp-block-image size-large\"><img loading=\"lazy\" decoding=\"async\" width=\"1024\" height=\"683\" data-id=\"516\" src=\"https:\/\/traildesetoiles.fr\/wp-content\/uploads\/2025\/11\/PierrePapet-TrailDesEtoiles-SecondBatch-1304-1024x683.jpg\" alt=\"\" class=\"wp-image-516\" srcset=\"https:\/\/traildesetoiles.fr\/wp-content\/uploads\/2025\/11\/PierrePapet-TrailDesEtoiles-SecondBatch-1304-1024x683.jpg 1024w, https:\/\/traildesetoiles.fr\/wp-content\/uploads\/2025\/11\/PierrePapet-TrailDesEtoiles-SecondBatch-1304-300x200.jpg 300w, https:\/\/traildesetoiles.fr\/wp-content\/uploads\/2025\/11\/PierrePapet-TrailDesEtoiles-SecondBatch-1304-768x512.jpg 768w, https:\/\/traildesetoiles.fr\/wp-content\/uploads\/2025\/11\/PierrePapet-TrailDesEtoiles-SecondBatch-1304-1536x1024.jpg 1536w, https:\/\/traildesetoiles.fr\/wp-content\/uploads\/2025\/11\/PierrePapet-TrailDesEtoiles-SecondBatch-1304-2048x1365.jpg 2048w\" sizes=\"auto, (max-width: 1024px) 100vw, 1024px\" \/><\/figure>\n\n\n\n<figure class=\"wp-block-image size-large\"><img loading=\"lazy\" decoding=\"async\" width=\"1024\" height=\"683\" data-id=\"513\" src=\"https:\/\/traildesetoiles.fr\/wp-content\/uploads\/2025\/11\/TrailDesEtoiles-FirstBatch-Finish-1-1024x683.jpg\" alt=\"\" class=\"wp-image-513\" srcset=\"https:\/\/traildesetoiles.fr\/wp-content\/uploads\/2025\/11\/TrailDesEtoiles-FirstBatch-Finish-1-1024x683.jpg 1024w, https:\/\/traildesetoiles.fr\/wp-content\/uploads\/2025\/11\/TrailDesEtoiles-FirstBatch-Finish-1-300x200.jpg 300w, https:\/\/traildesetoiles.fr\/wp-content\/uploads\/2025\/11\/TrailDesEtoiles-FirstBatch-Finish-1-768x512.jpg 768w, https:\/\/traildesetoiles.fr\/wp-content\/uploads\/2025\/11\/TrailDesEtoiles-FirstBatch-Finish-1-1536x1024.jpg 1536w, https:\/\/traildesetoiles.fr\/wp-content\/uploads\/2025\/11\/TrailDesEtoiles-FirstBatch-Finish-1-2048x1365.jpg 2048w\" sizes=\"auto, (max-width: 1024px) 100vw, 1024px\" \/><\/figure>\n\n\n\n<figure class=\"wp-block-image size-large\"><img loading=\"lazy\" decoding=\"async\" width=\"685\" height=\"685\" data-id=\"544\" src=\"https:\/\/traildesetoiles.fr\/wp-content\/uploads\/2025\/11\/benevoles-parcours.jpg\" alt=\"\" class=\"wp-image-544\" srcset=\"https:\/\/traildesetoiles.fr\/wp-content\/uploads\/2025\/11\/benevoles-parcours.jpg 685w, https:\/\/traildesetoiles.fr\/wp-content\/uploads\/2025\/11\/benevoles-parcours-300x300.jpg 300w, https:\/\/traildesetoiles.fr\/wp-content\/uploads\/2025\/11\/benevoles-parcours-150x150.jpg 150w\" sizes=\"auto, (max-width: 685px) 100vw, 685px\" \/><\/figure>\n\n\n\n<figure class=\"wp-block-image size-large\"><img loading=\"lazy\" decoding=\"async\" width=\"1024\" height=\"683\" data-id=\"540\" src=\"https:\/\/traildesetoiles.fr\/wp-content\/uploads\/2025\/11\/benevole-balisage-2-1024x683.jpg\" alt=\"\" class=\"wp-image-540\" srcset=\"https:\/\/traildesetoiles.fr\/wp-content\/uploads\/2025\/11\/benevole-balisage-2-1024x683.jpg 1024w, https:\/\/traildesetoiles.fr\/wp-content\/uploads\/2025\/11\/benevole-balisage-2-300x200.jpg 300w, https:\/\/traildesetoiles.fr\/wp-content\/uploads\/2025\/11\/benevole-balisage-2-768x512.jpg 768w, https:\/\/traildesetoiles.fr\/wp-content\/uploads\/2025\/11\/benevole-balisage-2-1536x1024.jpg 1536w, https:\/\/traildesetoiles.fr\/wp-content\/uploads\/2025\/11\/benevole-balisage-2.jpg 2048w\" sizes=\"auto, (max-width: 1024px) 100vw, 1024px\" \/><\/figure>\n<\/figure>\n\n\n\n<div style=\"height:153px\" aria-hidden=\"true\" class=\"wp-block-spacer\"><\/div>\n\n\n\n<div class=\"wp-block-uagb-container uagb-block-52e4188b alignfull uagb-is-root-container\"><div class=\"uagb-container__shape uagb-container__shape-bottom uagb-container__invert\" data-negative=\"false\"><svg xmlns=\"https:\/\/www.w3.org\/2000\/svg\" viewBox=\"0 0 1000 100\" preserveAspectRatio=\"none\"><path class=\"uagb-container__shape-fill\" opacity=\"0.33\" d=\"M473,67.3c-203.9,88.3-263.1-34-320.3,0C66,119.1,0,59.7,0,59.7V0h1000v59.7 c0,0-62.1,26.1-94.9,29.3c-32.8,3.3-62.8-12.3-75.8-22.1C806,49.6,745.3,8.7,694.9,4.7S492.4,59,473,67.3z\"><\/path><path class=\"uagb-container__shape-fill\" opacity=\"0.66\" d=\"M734,67.3c-45.5,0-77.2-23.2-129.1-39.1c-28.6-8.7-150.3-10.1-254,39.1 s-91.7-34.4-149.2,0C115.7,118.3,0,39.8,0,39.8V0h1000v36.5c0,0-28.2-18.5-92.1-18.5C810.2,18.1,775.7,67.3,734,67.3z\"><\/path><path class=\"uagb-container__shape-fill\" d=\"M766.1,28.9c-200-57.5-266,65.5-395.1,19.5C242,1.8,242,5.4,184.8,20.6C128,35.8,132.3,44.9,89.9,52.5C28.6,63.7,0,0,0,0 h1000c0,0-9.9,40.9-83.6,48.1S829.6,47,766.1,28.9z\"><\/path><\/svg><\/div><div class=\"uagb-container-inner-blocks-wrap\"><\/div><\/div>\n","protected":false},"excerpt":{"rendered":"","protected":false},"author":2,"featured_media":0,"parent":0,"menu_order":0,"comment_status":"closed","ping_status":"closed","template":"","meta":{"_uag_custom_page_level_css":"","site-sidebar-layout":"default","site-content-layout":"","ast-site-content-layout":"default","site-content-style":"default","site-sidebar-style":"default","ast-global-header-display":"","ast-banner-title-visibility":"","ast-main-header-display":"","ast-hfb-above-header-display":"","ast-hfb-below-header-display":"","ast-hfb-mobile-header-display":"","site-post-title":"disabled","ast-breadcrumbs-content":"","ast-featured-img":"","footer-sml-layout":"","ast-disable-related-posts":"","theme-transparent-header-meta":"","adv-header-id-meta":"","stick-header-meta":"","header-above-stick-meta":"","header-main-stick-meta":"","header-below-stick-meta":"","astra-migrate-meta-layouts":"default","ast-page-background-enabled":"default","ast-page-background-meta":{"desktop":{"background-color":"var(--ast-global-color-5)","background-image":"","background-repeat":"repeat","background-position":"center center","background-size":"auto","background-attachment":"scroll","background-type":"","background-media":"","overlay-type":"","overlay-color":"","overlay-opacity":"","overlay-gradient":""},"tablet":{"background-color":"","background-image":"","background-repeat":"repeat","background-position":"center center","background-size":"auto","background-attachment":"scroll","background-type":"","background-media":"","overlay-type":"","overlay-color":"","overlay-opacity":"","overlay-gradient":""},"mobile":{"background-color":"","background-image":"","background-repeat":"repeat","background-position":"center center","background-size":"auto","background-attachment":"scroll","background-type":"","background-media":"","overlay-type":"","overlay-color":"","overlay-opacity":"","overlay-gradient":""}},"ast-content-background-meta":{"desktop":{"background-color":"var(--ast-global-color-4)","background-image":"","background-repeat":"repeat","background-position":"center center","background-size":"auto","background-attachment":"scroll","background-type":"","background-media":"","overlay-type":"","overlay-color":"","overlay-opacity":"","overlay-gradient":""},"tablet":{"background-color":"var(--ast-global-color-4)","background-image":"","background-repeat":"repeat","background-position":"center center","background-size":"auto","background-attachment":"scroll","background-type":"","background-media":"","overlay-type":"","overlay-color":"","overlay-opacity":"","overlay-gradient":""},"mobile":{"background-color":"var(--ast-global-color-4)","background-image":"","background-repeat":"repeat","background-position":"center center","background-size":"auto","background-attachment":"scroll","background-type":"","background-media":"","overlay-type":"","overlay-color":"","overlay-opacity":"","overlay-gradient":""}},"footnotes":""},"class_list":["post-512","page","type-page","status-publish","hentry"],"yoast_head":"<!-- This site is optimized with the Yoast SEO plugin v27.2 - https:\/\/yoast.com\/product\/yoast-seo-wordpress\/ -->\n<title>BENEVOLES - Trail des Etoiles<\/title>\n<meta name=\"robots\" content=\"index, follow, max-snippet:-1, max-image-preview:large, max-video-preview:-1\" \/>\n<link rel=\"canonical\" href=\"https:\/\/traildesetoiles.fr\/index.php\/benevoles\/\" \/>\n<meta property=\"og:locale\" content=\"fr_FR\" \/>\n<meta property=\"og:type\" content=\"article\" \/>\n<meta property=\"og:title\" content=\"BENEVOLES - Trail des Etoiles\" \/>\n<meta property=\"og:url\" content=\"https:\/\/traildesetoiles.fr\/index.php\/benevoles\/\" \/>\n<meta property=\"og:site_name\" content=\"Trail des Etoiles\" \/>\n<meta property=\"article:publisher\" content=\"https:\/\/www.facebook.com\/trail.des.etoiles.05\/\" \/>\n<meta property=\"article:modified_time\" content=\"2025-11-17T22:43:05+00:00\" \/>\n<meta property=\"og:image\" content=\"http:\/\/traildesetoiles.fr\/wp-content\/uploads\/2025\/11\/PierrePapet-TrailDesEtoiles-SecondBatch-1304-1024x683.jpg\" \/>\n<meta name=\"twitter:card\" content=\"summary_large_image\" \/>\n<meta name=\"twitter:label1\" content=\"Dur\u00e9e de lecture estim\u00e9e\" \/>\n\t<meta name=\"twitter:data1\" content=\"3 minutes\" \/>\n<script type=\"application\/ld+json\" class=\"yoast-schema-graph\">{\"@context\":\"https:\/\/schema.org\",\"@graph\":[{\"@type\":\"WebPage\",\"@id\":\"https:\/\/traildesetoiles.fr\/index.php\/benevoles\/\",\"url\":\"https:\/\/traildesetoiles.fr\/index.php\/benevoles\/\",\"name\":\"BENEVOLES - Trail des Etoiles\",\"isPartOf\":{\"@id\":\"https:\/\/traildesetoiles.fr\/#website\"},\"primaryImageOfPage\":{\"@id\":\"https:\/\/traildesetoiles.fr\/index.php\/benevoles\/#primaryimage\"},\"image\":{\"@id\":\"https:\/\/traildesetoiles.fr\/index.php\/benevoles\/#primaryimage\"},\"thumbnailUrl\":\"http:\/\/traildesetoiles.fr\/wp-content\/uploads\/2025\/11\/PierrePapet-TrailDesEtoiles-SecondBatch-1304-1024x683.jpg\",\"datePublished\":\"2025-11-03T22:50:44+00:00\",\"dateModified\":\"2025-11-17T22:43:05+00:00\",\"breadcrumb\":{\"@id\":\"https:\/\/traildesetoiles.fr\/index.php\/benevoles\/#breadcrumb\"},\"inLanguage\":\"fr-FR\",\"potentialAction\":[{\"@type\":\"ReadAction\",\"target\":[\"https:\/\/traildesetoiles.fr\/index.php\/benevoles\/\"]}]},{\"@type\":\"ImageObject\",\"inLanguage\":\"fr-FR\",\"@id\":\"https:\/\/traildesetoiles.fr\/index.php\/benevoles\/#primaryimage\",\"url\":\"https:\/\/traildesetoiles.fr\/wp-content\/uploads\/2025\/11\/PierrePapet-TrailDesEtoiles-SecondBatch-1304-scaled.jpg\",\"contentUrl\":\"https:\/\/traildesetoiles.fr\/wp-content\/uploads\/2025\/11\/PierrePapet-TrailDesEtoiles-SecondBatch-1304-scaled.jpg\",\"width\":2560,\"height\":1707},{\"@type\":\"BreadcrumbList\",\"@id\":\"https:\/\/traildesetoiles.fr\/index.php\/benevoles\/#breadcrumb\",\"itemListElement\":[{\"@type\":\"ListItem\",\"position\":1,\"name\":\"Accueil\",\"item\":\"https:\/\/traildesetoiles.fr\/\"},{\"@type\":\"ListItem\",\"position\":2,\"name\":\"BENEVOLES\"}]},{\"@type\":\"WebSite\",\"@id\":\"https:\/\/traildesetoiles.fr\/#website\",\"url\":\"https:\/\/traildesetoiles.fr\/\",\"name\":\"Trail des Etoiles\",\"description\":\"by Queyras Trail\",\"publisher\":{\"@id\":\"https:\/\/traildesetoiles.fr\/#organization\"},\"potentialAction\":[{\"@type\":\"SearchAction\",\"target\":{\"@type\":\"EntryPoint\",\"urlTemplate\":\"https:\/\/traildesetoiles.fr\/?s={search_term_string}\"},\"query-input\":{\"@type\":\"PropertyValueSpecification\",\"valueRequired\":true,\"valueName\":\"search_term_string\"}}],\"inLanguage\":\"fr-FR\"},{\"@type\":\"Organization\",\"@id\":\"https:\/\/traildesetoiles.fr\/#organization\",\"name\":\"Trail des Etoiles\",\"url\":\"https:\/\/traildesetoiles.fr\/\",\"logo\":{\"@type\":\"ImageObject\",\"inLanguage\":\"fr-FR\",\"@id\":\"https:\/\/traildesetoiles.fr\/#\/schema\/logo\/image\/\",\"url\":\"https:\/\/traildesetoiles.fr\/wp-content\/uploads\/2025\/11\/cropped-trail-black-02-scaled-1.png\",\"contentUrl\":\"https:\/\/traildesetoiles.fr\/wp-content\/uploads\/2025\/11\/cropped-trail-black-02-scaled-1.png\",\"width\":2558,\"height\":1206,\"caption\":\"Trail des Etoiles\"},\"image\":{\"@id\":\"https:\/\/traildesetoiles.fr\/#\/schema\/logo\/image\/\"},\"sameAs\":[\"https:\/\/www.facebook.com\/trail.des.etoiles.05\/\",\"https:\/\/www.instagram.com\/traildesetoiles05\/\"]}]}<\/script>\n<!-- \/ Yoast SEO plugin. -->","yoast_head_json":{"title":"BENEVOLES - Trail des Etoiles","robots":{"index":"index","follow":"follow","max-snippet":"max-snippet:-1","max-image-preview":"max-image-preview:large","max-video-preview":"max-video-preview:-1"},"canonical":"https:\/\/traildesetoiles.fr\/index.php\/benevoles\/","og_locale":"fr_FR","og_type":"article","og_title":"BENEVOLES - Trail des Etoiles","og_url":"https:\/\/traildesetoiles.fr\/index.php\/benevoles\/","og_site_name":"Trail des Etoiles","article_publisher":"https:\/\/www.facebook.com\/trail.des.etoiles.05\/","article_modified_time":"2025-11-17T22:43:05+00:00","og_image":[{"url":"http:\/\/traildesetoiles.fr\/wp-content\/uploads\/2025\/11\/PierrePapet-TrailDesEtoiles-SecondBatch-1304-1024x683.jpg","type":"","width":"","height":""}],"twitter_card":"summary_large_image","twitter_misc":{"Dur\u00e9e de lecture estim\u00e9e":"3 minutes"},"schema":{"@context":"https:\/\/schema.org","@graph":[{"@type":"WebPage","@id":"https:\/\/traildesetoiles.fr\/index.php\/benevoles\/","url":"https:\/\/traildesetoiles.fr\/index.php\/benevoles\/","name":"BENEVOLES - Trail des Etoiles","isPartOf":{"@id":"https:\/\/traildesetoiles.fr\/#website"},"primaryImageOfPage":{"@id":"https:\/\/traildesetoiles.fr\/index.php\/benevoles\/#primaryimage"},"image":{"@id":"https:\/\/traildesetoiles.fr\/index.php\/benevoles\/#primaryimage"},"thumbnailUrl":"http:\/\/traildesetoiles.fr\/wp-content\/uploads\/2025\/11\/PierrePapet-TrailDesEtoiles-SecondBatch-1304-1024x683.jpg","datePublished":"2025-11-03T22:50:44+00:00","dateModified":"2025-11-17T22:43:05+00:00","breadcrumb":{"@id":"https:\/\/traildesetoiles.fr\/index.php\/benevoles\/#breadcrumb"},"inLanguage":"fr-FR","potentialAction":[{"@type":"ReadAction","target":["https:\/\/traildesetoiles.fr\/index.php\/benevoles\/"]}]},{"@type":"ImageObject","inLanguage":"fr-FR","@id":"https:\/\/traildesetoiles.fr\/index.php\/benevoles\/#primaryimage","url":"https:\/\/traildesetoiles.fr\/wp-content\/uploads\/2025\/11\/PierrePapet-TrailDesEtoiles-SecondBatch-1304-scaled.jpg","contentUrl":"https:\/\/traildesetoiles.fr\/wp-content\/uploads\/2025\/11\/PierrePapet-TrailDesEtoiles-SecondBatch-1304-scaled.jpg","width":2560,"height":1707},{"@type":"BreadcrumbList","@id":"https:\/\/traildesetoiles.fr\/index.php\/benevoles\/#breadcrumb","itemListElement":[{"@type":"ListItem","position":1,"name":"Accueil","item":"https:\/\/traildesetoiles.fr\/"},{"@type":"ListItem","position":2,"name":"BENEVOLES"}]},{"@type":"WebSite","@id":"https:\/\/traildesetoiles.fr\/#website","url":"https:\/\/traildesetoiles.fr\/","name":"Trail des Etoiles","description":"by Queyras Trail","publisher":{"@id":"https:\/\/traildesetoiles.fr\/#organization"},"potentialAction":[{"@type":"SearchAction","target":{"@type":"EntryPoint","urlTemplate":"https:\/\/traildesetoiles.fr\/?s={search_term_string}"},"query-input":{"@type":"PropertyValueSpecification","valueRequired":true,"valueName":"search_term_string"}}],"inLanguage":"fr-FR"},{"@type":"Organization","@id":"https:\/\/traildesetoiles.fr\/#organization","name":"Trail des Etoiles","url":"https:\/\/traildesetoiles.fr\/","logo":{"@type":"ImageObject","inLanguage":"fr-FR","@id":"https:\/\/traildesetoiles.fr\/#\/schema\/logo\/image\/","url":"https:\/\/traildesetoiles.fr\/wp-content\/uploads\/2025\/11\/cropped-trail-black-02-scaled-1.png","contentUrl":"https:\/\/traildesetoiles.fr\/wp-content\/uploads\/2025\/11\/cropped-trail-black-02-scaled-1.png","width":2558,"height":1206,"caption":"Trail des Etoiles"},"image":{"@id":"https:\/\/traildesetoiles.fr\/#\/schema\/logo\/image\/"},"sameAs":["https:\/\/www.facebook.com\/trail.des.etoiles.05\/","https:\/\/www.instagram.com\/traildesetoiles05\/"]}]}},"uagb_featured_image_src":{"full":false,"thumbnail":false,"medium":false,"medium_large":false,"large":false,"1536x1536":false,"2048x2048":false},"uagb_author_info":{"display_name":"Pierrick A","author_link":"https:\/\/traildesetoiles.fr\/index.php\/author\/pierrick-a\/"},"uagb_comment_info":0,"uagb_excerpt":null,"_links":{"self":[{"href":"https:\/\/traildesetoiles.fr\/index.php\/wp-json\/wp\/v2\/pages\/512","targetHints":{"allow":["GET"]}}],"collection":[{"href":"https:\/\/traildesetoiles.fr\/index.php\/wp-json\/wp\/v2\/pages"}],"about":[{"href":"https:\/\/traildesetoiles.fr\/index.php\/wp-json\/wp\/v2\/types\/page"}],"author":[{"embeddable":true,"href":"https:\/\/traildesetoiles.fr\/index.php\/wp-json\/wp\/v2\/users\/2"}],"replies":[{"embeddable":true,"href":"https:\/\/traildesetoiles.fr\/index.php\/wp-json\/wp\/v2\/comments?post=512"}],"version-history":[{"count":8,"href":"https:\/\/traildesetoiles.fr\/index.php\/wp-json\/wp\/v2\/pages\/512\/revisions"}],"predecessor-version":[{"id":987,"href":"https:\/\/traildesetoiles.fr\/index.php\/wp-json\/wp\/v2\/pages\/512\/revisions\/987"}],"wp:attachment":[{"href":"https:\/\/traildesetoiles.fr\/index.php\/wp-json\/wp\/v2\/media?parent=512"}],"curies":[{"name":"wp","href":"https:\/\/api.w.org\/{rel}","templated":true}]}}