{"id":32,"date":"2025-10-29T16:07:33","date_gmt":"2025-10-29T15:07:33","guid":{"rendered":"http:\/\/traildesetoiles.fr\/?page_id=32"},"modified":"2025-11-25T11:23:06","modified_gmt":"2025-11-25T10:23:06","slug":"lequipe","status":"publish","type":"page","link":"https:\/\/traildesetoiles.fr\/index.php\/lequipe\/","title":{"rendered":"L&rsquo;EQUIPE"},"content":{"rendered":"\n<div class=\"wp-block-media-text is-stacked-on-mobile is-image-fill-element has-ast-global-color-5-background-color has-background\" style=\"grid-template-columns:54% auto\"><figure class=\"wp-block-media-text__media\"><img loading=\"lazy\" decoding=\"async\" width=\"819\" height=\"1024\" src=\"https:\/\/traildesetoiles.fr\/wp-content\/uploads\/2025\/11\/logo-Queyras-trail-819x1024.png\" alt=\"\" class=\"wp-image-1122 size-full\" style=\"object-position:46% 52%\" srcset=\"https:\/\/traildesetoiles.fr\/wp-content\/uploads\/2025\/11\/logo-Queyras-trail-819x1024.png 819w, https:\/\/traildesetoiles.fr\/wp-content\/uploads\/2025\/11\/logo-Queyras-trail-240x300.png 240w, https:\/\/traildesetoiles.fr\/wp-content\/uploads\/2025\/11\/logo-Queyras-trail.png 1080w\" sizes=\"auto, (max-width: 819px) 100vw, 819px\" \/><\/figure><div class=\"wp-block-media-text__content\">\n<h2 class=\"wp-block-heading\">Nouveau logo, m\u00eame ADN<\/h2>\n\n\n\n<p>Team Queyras Trail, c&rsquo;est une bande de trailers passionn\u00e9s, amateurs, \u00e9lites, pro et amoureux du Queyras.<\/p>\n\n\n\n<p>Elle s&rsquo;\u00e9tend des montagnes \u00e0 la mer.<\/p>\n\n\n\n<p>Motiv\u00e9e par le d\u00e9nivel\u00e9, le partage et l&rsquo;esprit trail et montagne<\/p>\n<\/div><\/div>\n","protected":false},"excerpt":{"rendered":"<p>Nouveau logo, m\u00eame ADN Team Queyras Trail, c&rsquo;est une bande de trailers passionn\u00e9s, amateurs, \u00e9lites, pro et amoureux du Queyras. [&hellip;]<\/p>\n","protected":false},"author":2,"featured_media":0,"parent":0,"menu_order":1,"comment_status":"closed","ping_status":"closed","template":"","meta":{"_uag_custom_page_level_css":"","site-sidebar-layout":"default","site-content-layout":"","ast-site-content-layout":"default","site-content-style":"default","site-sidebar-style":"default","ast-global-header-display":"","ast-banner-title-visibility":"","ast-main-header-display":"","ast-hfb-above-header-display":"","ast-hfb-below-header-display":"","ast-hfb-mobile-header-display":"","site-post-title":"","ast-breadcrumbs-content":"","ast-featured-img":"","footer-sml-layout":"","ast-disable-related-posts":"","theme-transparent-header-meta":"","adv-header-id-meta":"","stick-header-meta":"","header-above-stick-meta":"","header-main-stick-meta":"","header-below-stick-meta":"","astra-migrate-meta-layouts":"default","ast-page-background-enabled":"default","ast-page-background-meta":{"desktop":{"background-color":"var(--ast-global-color-5)","background-image":"","background-repeat":"repeat","background-position":"center center","background-size":"auto","background-attachment":"scroll","background-type":"","background-media":"","overlay-type":"","overlay-color":"","overlay-opacity":"","overlay-gradient":""},"tablet":{"background-color":"","background-image":"","background-repeat":"repeat","background-position":"center center","background-size":"auto","background-attachment":"scroll","background-type":"","background-media":"","overlay-type":"","overlay-color":"","overlay-opacity":"","overlay-gradient":""},"mobile":{"background-color":"","background-image":"","background-repeat":"repeat","background-position":"center center","background-size":"auto","background-attachment":"scroll","background-type":"","background-media":"","overlay-type":"","overlay-color":"","overlay-opacity":"","overlay-gradient":""}},"ast-content-background-meta":{"desktop":{"background-color":"var(--ast-global-color-4)","background-image":"","background-repeat":"repeat","background-position":"center center","background-size":"auto","background-attachment":"scroll","background-type":"","background-media":"","overlay-type":"","overlay-color":"","overlay-opacity":"","overlay-gradient":""},"tablet":{"background-color":"var(--ast-global-color-4)","background-image":"","background-repeat":"repeat","background-position":"center center","background-size":"auto","background-attachment":"scroll","background-type":"","background-media":"","overlay-type":"","overlay-color":"","overlay-opacity":"","overlay-gradient":""},"mobile":{"background-color":"var(--ast-global-color-4)","background-image":"","background-repeat":"repeat","background-position":"center center","background-size":"auto","background-attachment":"scroll","background-type":"","background-media":"","overlay-type":"","overlay-color":"","overlay-opacity":"","overlay-gradient":""}},"footnotes":""},"class_list":["post-32","page","type-page","status-publish","hentry"],"yoast_head":"<!-- This site is optimized with the Yoast SEO plugin v27.2 - https:\/\/yoast.com\/product\/yoast-seo-wordpress\/ -->\n<title>L&#039;EQUIPE - Trail des Etoiles<\/title>\n<meta name=\"robots\" content=\"index, follow, max-snippet:-1, max-image-preview:large, max-video-preview:-1\" \/>\n<link rel=\"canonical\" href=\"https:\/\/traildesetoiles.fr\/index.php\/a-propos__trashed\/lequipe\/\" \/>\n<meta property=\"og:locale\" content=\"fr_FR\" \/>\n<meta property=\"og:type\" content=\"article\" \/>\n<meta property=\"og:title\" content=\"L&#039;EQUIPE - Trail des Etoiles\" \/>\n<meta property=\"og:description\" content=\"Nouveau logo, m\u00eame ADN Team Queyras Trail, c&rsquo;est une bande de trailers passionn\u00e9s, amateurs, \u00e9lites, pro et amoureux du Queyras. [&hellip;]\" \/>\n<meta property=\"og:url\" content=\"https:\/\/traildesetoiles.fr\/index.php\/a-propos__trashed\/lequipe\/\" \/>\n<meta property=\"og:site_name\" content=\"Trail des Etoiles\" \/>\n<meta property=\"article:publisher\" content=\"https:\/\/www.facebook.com\/trail.des.etoiles.05\/\" \/>\n<meta property=\"article:modified_time\" content=\"2025-11-25T10:23:06+00:00\" \/>\n<meta property=\"og:image\" content=\"https:\/\/traildesetoiles.fr\/wp-content\/uploads\/2025\/11\/logo-Queyras-trail.png\" \/>\n\t<meta property=\"og:image:width\" content=\"1080\" \/>\n\t<meta property=\"og:image:height\" content=\"1350\" \/>\n\t<meta property=\"og:image:type\" content=\"image\/png\" \/>\n<meta name=\"twitter:card\" content=\"summary_large_image\" \/>\n<meta name=\"twitter:label1\" content=\"Dur\u00e9e de lecture estim\u00e9e\" \/>\n\t<meta name=\"twitter:data1\" content=\"1 minute\" \/>\n<script type=\"application\/ld+json\" class=\"yoast-schema-graph\">{\"@context\":\"https:\/\/schema.org\",\"@graph\":[{\"@type\":\"WebPage\",\"@id\":\"https:\/\/traildesetoiles.fr\/index.php\/a-propos__trashed\/lequipe\/\",\"url\":\"https:\/\/traildesetoiles.fr\/index.php\/a-propos__trashed\/lequipe\/\",\"name\":\"L'EQUIPE - Trail des Etoiles\",\"isPartOf\":{\"@id\":\"https:\/\/traildesetoiles.fr\/#website\"},\"primaryImageOfPage\":{\"@id\":\"https:\/\/traildesetoiles.fr\/index.php\/a-propos__trashed\/lequipe\/#primaryimage\"},\"image\":{\"@id\":\"https:\/\/traildesetoiles.fr\/index.php\/a-propos__trashed\/lequipe\/#primaryimage\"},\"thumbnailUrl\":\"https:\/\/traildesetoiles.fr\/wp-content\/uploads\/2025\/11\/logo-Queyras-trail-819x1024.png\",\"datePublished\":\"2025-10-29T15:07:33+00:00\",\"dateModified\":\"2025-11-25T10:23:06+00:00\",\"breadcrumb\":{\"@id\":\"https:\/\/traildesetoiles.fr\/index.php\/a-propos__trashed\/lequipe\/#breadcrumb\"},\"inLanguage\":\"fr-FR\",\"potentialAction\":[{\"@type\":\"ReadAction\",\"target\":[\"https:\/\/traildesetoiles.fr\/index.php\/a-propos__trashed\/lequipe\/\"]}]},{\"@type\":\"ImageObject\",\"inLanguage\":\"fr-FR\",\"@id\":\"https:\/\/traildesetoiles.fr\/index.php\/a-propos__trashed\/lequipe\/#primaryimage\",\"url\":\"https:\/\/traildesetoiles.fr\/wp-content\/uploads\/2025\/11\/logo-Queyras-trail.png\",\"contentUrl\":\"https:\/\/traildesetoiles.fr\/wp-content\/uploads\/2025\/11\/logo-Queyras-trail.png\",\"width\":1080,\"height\":1350},{\"@type\":\"BreadcrumbList\",\"@id\":\"https:\/\/traildesetoiles.fr\/index.php\/a-propos__trashed\/lequipe\/#breadcrumb\",\"itemListElement\":[{\"@type\":\"ListItem\",\"position\":1,\"name\":\"Accueil\",\"item\":\"https:\/\/traildesetoiles.fr\/\"},{\"@type\":\"ListItem\",\"position\":2,\"name\":\"L&rsquo;EQUIPE\"}]},{\"@type\":\"WebSite\",\"@id\":\"https:\/\/traildesetoiles.fr\/#website\",\"url\":\"https:\/\/traildesetoiles.fr\/\",\"name\":\"Trail des Etoiles\",\"description\":\"by Queyras Trail\",\"publisher\":{\"@id\":\"https:\/\/traildesetoiles.fr\/#organization\"},\"potentialAction\":[{\"@type\":\"SearchAction\",\"target\":{\"@type\":\"EntryPoint\",\"urlTemplate\":\"https:\/\/traildesetoiles.fr\/?s={search_term_string}\"},\"query-input\":{\"@type\":\"PropertyValueSpecification\",\"valueRequired\":true,\"valueName\":\"search_term_string\"}}],\"inLanguage\":\"fr-FR\"},{\"@type\":\"Organization\",\"@id\":\"https:\/\/traildesetoiles.fr\/#organization\",\"name\":\"Trail des Etoiles\",\"url\":\"https:\/\/traildesetoiles.fr\/\",\"logo\":{\"@type\":\"ImageObject\",\"inLanguage\":\"fr-FR\",\"@id\":\"https:\/\/traildesetoiles.fr\/#\/schema\/logo\/image\/\",\"url\":\"https:\/\/traildesetoiles.fr\/wp-content\/uploads\/2025\/11\/cropped-trail-black-02-scaled-1.png\",\"contentUrl\":\"https:\/\/traildesetoiles.fr\/wp-content\/uploads\/2025\/11\/cropped-trail-black-02-scaled-1.png\",\"width\":2558,\"height\":1206,\"caption\":\"Trail des Etoiles\"},\"image\":{\"@id\":\"https:\/\/traildesetoiles.fr\/#\/schema\/logo\/image\/\"},\"sameAs\":[\"https:\/\/www.facebook.com\/trail.des.etoiles.05\/\",\"https:\/\/www.instagram.com\/traildesetoiles05\/\"]}]}<\/script>\n<!-- \/ Yoast SEO plugin. -->","yoast_head_json":{"title":"L'EQUIPE - Trail des Etoiles","robots":{"index":"index","follow":"follow","max-snippet":"max-snippet:-1","max-image-preview":"max-image-preview:large","max-video-preview":"max-video-preview:-1"},"canonical":"https:\/\/traildesetoiles.fr\/index.php\/a-propos__trashed\/lequipe\/","og_locale":"fr_FR","og_type":"article","og_title":"L'EQUIPE - Trail des Etoiles","og_description":"Nouveau logo, m\u00eame ADN Team Queyras Trail, c&rsquo;est une bande de trailers passionn\u00e9s, amateurs, \u00e9lites, pro et amoureux du Queyras. [&hellip;]","og_url":"https:\/\/traildesetoiles.fr\/index.php\/a-propos__trashed\/lequipe\/","og_site_name":"Trail des Etoiles","article_publisher":"https:\/\/www.facebook.com\/trail.des.etoiles.05\/","article_modified_time":"2025-11-25T10:23:06+00:00","og_image":[{"width":1080,"height":1350,"url":"https:\/\/traildesetoiles.fr\/wp-content\/uploads\/2025\/11\/logo-Queyras-trail.png","type":"image\/png"}],"twitter_card":"summary_large_image","twitter_misc":{"Dur\u00e9e de lecture estim\u00e9e":"1 minute"},"schema":{"@context":"https:\/\/schema.org","@graph":[{"@type":"WebPage","@id":"https:\/\/traildesetoiles.fr\/index.php\/a-propos__trashed\/lequipe\/","url":"https:\/\/traildesetoiles.fr\/index.php\/a-propos__trashed\/lequipe\/","name":"L'EQUIPE - Trail des Etoiles","isPartOf":{"@id":"https:\/\/traildesetoiles.fr\/#website"},"primaryImageOfPage":{"@id":"https:\/\/traildesetoiles.fr\/index.php\/a-propos__trashed\/lequipe\/#primaryimage"},"image":{"@id":"https:\/\/traildesetoiles.fr\/index.php\/a-propos__trashed\/lequipe\/#primaryimage"},"thumbnailUrl":"https:\/\/traildesetoiles.fr\/wp-content\/uploads\/2025\/11\/logo-Queyras-trail-819x1024.png","datePublished":"2025-10-29T15:07:33+00:00","dateModified":"2025-11-25T10:23:06+00:00","breadcrumb":{"@id":"https:\/\/traildesetoiles.fr\/index.php\/a-propos__trashed\/lequipe\/#breadcrumb"},"inLanguage":"fr-FR","potentialAction":[{"@type":"ReadAction","target":["https:\/\/traildesetoiles.fr\/index.php\/a-propos__trashed\/lequipe\/"]}]},{"@type":"ImageObject","inLanguage":"fr-FR","@id":"https:\/\/traildesetoiles.fr\/index.php\/a-propos__trashed\/lequipe\/#primaryimage","url":"https:\/\/traildesetoiles.fr\/wp-content\/uploads\/2025\/11\/logo-Queyras-trail.png","contentUrl":"https:\/\/traildesetoiles.fr\/wp-content\/uploads\/2025\/11\/logo-Queyras-trail.png","width":1080,"height":1350},{"@type":"BreadcrumbList","@id":"https:\/\/traildesetoiles.fr\/index.php\/a-propos__trashed\/lequipe\/#breadcrumb","itemListElement":[{"@type":"ListItem","position":1,"name":"Accueil","item":"https:\/\/traildesetoiles.fr\/"},{"@type":"ListItem","position":2,"name":"L&rsquo;EQUIPE"}]},{"@type":"WebSite","@id":"https:\/\/traildesetoiles.fr\/#website","url":"https:\/\/traildesetoiles.fr\/","name":"Trail des Etoiles","description":"by Queyras Trail","publisher":{"@id":"https:\/\/traildesetoiles.fr\/#organization"},"potentialAction":[{"@type":"SearchAction","target":{"@type":"EntryPoint","urlTemplate":"https:\/\/traildesetoiles.fr\/?s={search_term_string}"},"query-input":{"@type":"PropertyValueSpecification","valueRequired":true,"valueName":"search_term_string"}}],"inLanguage":"fr-FR"},{"@type":"Organization","@id":"https:\/\/traildesetoiles.fr\/#organization","name":"Trail des Etoiles","url":"https:\/\/traildesetoiles.fr\/","logo":{"@type":"ImageObject","inLanguage":"fr-FR","@id":"https:\/\/traildesetoiles.fr\/#\/schema\/logo\/image\/","url":"https:\/\/traildesetoiles.fr\/wp-content\/uploads\/2025\/11\/cropped-trail-black-02-scaled-1.png","contentUrl":"https:\/\/traildesetoiles.fr\/wp-content\/uploads\/2025\/11\/cropped-trail-black-02-scaled-1.png","width":2558,"height":1206,"caption":"Trail des Etoiles"},"image":{"@id":"https:\/\/traildesetoiles.fr\/#\/schema\/logo\/image\/"},"sameAs":["https:\/\/www.facebook.com\/trail.des.etoiles.05\/","https:\/\/www.instagram.com\/traildesetoiles05\/"]}]}},"uagb_featured_image_src":{"full":false,"thumbnail":false,"medium":false,"medium_large":false,"large":false,"1536x1536":false,"2048x2048":false},"uagb_author_info":{"display_name":"Pierrick A","author_link":"https:\/\/traildesetoiles.fr\/index.php\/author\/pierrick-a\/"},"uagb_comment_info":0,"uagb_excerpt":"Nouveau logo, m\u00eame ADN Team Queyras Trail, c&rsquo;est une bande de trailers passionn\u00e9s, amateurs, \u00e9lites, pro et amoureux du Queyras. [&hellip;]","_links":{"self":[{"href":"https:\/\/traildesetoiles.fr\/index.php\/wp-json\/wp\/v2\/pages\/32","targetHints":{"allow":["GET"]}}],"collection":[{"href":"https:\/\/traildesetoiles.fr\/index.php\/wp-json\/wp\/v2\/pages"}],"about":[{"href":"https:\/\/traildesetoiles.fr\/index.php\/wp-json\/wp\/v2\/types\/page"}],"author":[{"embeddable":true,"href":"https:\/\/traildesetoiles.fr\/index.php\/wp-json\/wp\/v2\/users\/2"}],"replies":[{"embeddable":true,"href":"https:\/\/traildesetoiles.fr\/index.php\/wp-json\/wp\/v2\/comments?post=32"}],"version-history":[{"count":2,"href":"https:\/\/traildesetoiles.fr\/index.php\/wp-json\/wp\/v2\/pages\/32\/revisions"}],"predecessor-version":[{"id":1138,"href":"https:\/\/traildesetoiles.fr\/index.php\/wp-json\/wp\/v2\/pages\/32\/revisions\/1138"}],"wp:attachment":[{"href":"https:\/\/traildesetoiles.fr\/index.php\/wp-json\/wp\/v2\/media?parent=32"}],"curies":[{"name":"wp","href":"https:\/\/api.w.org\/{rel}","templated":true}]}}