{"id":28,"date":"2025-10-29T16:05:58","date_gmt":"2025-10-29T15:05:58","guid":{"rendered":"http:\/\/traildesetoiles.fr\/?page_id=28"},"modified":"2025-11-11T18:13:49","modified_gmt":"2025-11-11T17:13:49","slug":"acces","status":"publish","type":"page","link":"https:\/\/traildesetoiles.fr\/index.php\/infos-pratiques\/acces\/","title":{"rendered":"ACCES"},"content":{"rendered":"\n<div class=\"wp-block-uagb-inline-notice uagb-inline_notice__align-center uagb-block-c5f60057\" id=\"village-depart\"><button class=\"uagb-notice-close-button\" type=\"button\" aria-label=\"Close\"><\/button><h4 class=\"uagb-notice-title\">1- VILLAGE DEPART<\/h4><div class=\"uagb-notice-text\">\n<p style=\"font-size:20px\"><mark style=\"background-color:rgba(0, 0, 0, 0);color:#405e38\" class=\"has-inline-color\">le retrait des dossards<\/mark> et le <mark style=\"background-color:rgba(0, 0, 0, 0);color:#405e38\" class=\"has-inline-color\">d\u00e9part<\/mark> de toutes les courses s&rsquo;effectue sur la commune de Molines-en-Queyras<\/p>\n\n\n\n<p class=\"has-ast-global-color-5-background-color has-background\" style=\"border-width:2px;padding-right:0;padding-left:0;font-size:18px\">Parking de Clot La Chalp<br>Station de ski de Molines<br>05350 Molines-en-Queyras<\/p>\n<\/div><\/div>\n\n\n\n<div class=\"wp-block-uagb-container uagb-block-20833939 default uagb-is-root-container\">\n<div class=\"wp-block-uagb-container uagb-block-94ed6004\">\n<figure class=\"wp-block-gallery has-nested-images columns-2 is-cropped wp-block-gallery-1 is-layout-flex wp-block-gallery-is-layout-flex\">\n<figure class=\"wp-block-image size-large is-style-default\"><img loading=\"lazy\" decoding=\"async\" width=\"1024\" height=\"683\" data-id=\"611\" src=\"https:\/\/traildesetoiles.fr\/wp-content\/uploads\/2025\/11\/PierrePapet-TrailDesEtoiles-SecondBatch-8-1024x683.jpg\" alt=\"\" class=\"wp-image-611\" srcset=\"https:\/\/traildesetoiles.fr\/wp-content\/uploads\/2025\/11\/PierrePapet-TrailDesEtoiles-SecondBatch-8-1024x683.jpg 1024w, https:\/\/traildesetoiles.fr\/wp-content\/uploads\/2025\/11\/PierrePapet-TrailDesEtoiles-SecondBatch-8-300x200.jpg 300w, https:\/\/traildesetoiles.fr\/wp-content\/uploads\/2025\/11\/PierrePapet-TrailDesEtoiles-SecondBatch-8-768x512.jpg 768w, https:\/\/traildesetoiles.fr\/wp-content\/uploads\/2025\/11\/PierrePapet-TrailDesEtoiles-SecondBatch-8-1536x1024.jpg 1536w, https:\/\/traildesetoiles.fr\/wp-content\/uploads\/2025\/11\/PierrePapet-TrailDesEtoiles-SecondBatch-8-2048x1365.jpg 2048w\" sizes=\"auto, (max-width: 1024px) 100vw, 1024px\" \/><\/figure>\n<\/figure>\n<\/div>\n\n\n\n<div class=\"wp-block-uagb-container uagb-block-0023d111\">\t\t\t<div \n\t\t\tclass=\"wp-block-uagb-google-map uagb-google-map__wrap uagb-block-3ab79552     \"\n\t\t\tstyle=\"\" >\n\t\t\t\t<embed\n\t\t\t\t\tclass=\"uagb-google-map__iframe\"\n\t\t\t\t\ttitle=\"Carte Google pour \"\n\t\t\t\t\tsrc=\"https:\/\/maps.google.com\/maps?q=237%20Les%20Taoures%2C%2005350%20Molines-en-Queyras&#038;z=15&#038;hl=en&#038;t=m&#038;output=embed&#038;iwloc=near\"\n\t\t\t\t\twidth=\"640\"\n\t\t\t\t\theight=\"375\"\n\t\t\t\t\tloading=\"lazy\"\n\t\t\t\t><\/embed>\n\t\t\t<\/div>\n\t\t\t<\/div>\n<\/div>\n\n\n\n<div style=\"height:84px\" aria-hidden=\"true\" class=\"wp-block-spacer\"><\/div>\n\n\n\n<div class=\"wp-block-uagb-inline-notice uagb-inline_notice__align-center uagb-block-687260c3\" id=\"aire-arrivee\"><button class=\"uagb-notice-close-button\" type=\"button\" aria-label=\"Close\"><\/button><h4 class=\"uagb-notice-title\">2- AIRE D&rsquo;ARRIVEE<\/h4><div class=\"uagb-notice-text\">\n<p style=\"font-size:20px\">L&rsquo;arriv\u00e9e de toutes les courses s&rsquo;effectue sur la commune de Saint-V\u00e9ran<\/p>\n\n\n\n<p class=\"has-ast-global-color-5-background-color has-background\" style=\"border-width:2px;padding-right:0;padding-left:0;font-size:18px\">Place de la Mairie<br>05350 Saint-V\u00e9ran<\/p>\n<\/div><\/div>\n\n\n\n<div class=\"wp-block-uagb-container uagb-block-d38e5479 default uagb-is-root-container\">\n<div class=\"wp-block-uagb-container uagb-block-1ba4b881\">\n<figure class=\"wp-block-gallery has-nested-images columns-2 is-cropped wp-block-gallery-2 is-layout-flex wp-block-gallery-is-layout-flex\">\n<figure class=\"wp-block-image size-large is-style-default\"><img loading=\"lazy\" decoding=\"async\" width=\"1024\" height=\"683\" data-id=\"191\" src=\"https:\/\/traildesetoiles.fr\/wp-content\/uploads\/2025\/10\/PierrePapet-TrailDesEtoiles-SecondBatch-972-1024x683.jpg\" alt=\"\" class=\"wp-image-191\" srcset=\"https:\/\/traildesetoiles.fr\/wp-content\/uploads\/2025\/10\/PierrePapet-TrailDesEtoiles-SecondBatch-972-1024x683.jpg 1024w, https:\/\/traildesetoiles.fr\/wp-content\/uploads\/2025\/10\/PierrePapet-TrailDesEtoiles-SecondBatch-972-300x200.jpg 300w\" sizes=\"auto, (max-width: 1024px) 100vw, 1024px\" \/><\/figure>\n<\/figure>\n<\/div>\n\n\n\n<div class=\"wp-block-uagb-container uagb-block-6586e6c1\">\t\t\t<div \n\t\t\tclass=\"wp-block-uagb-google-map uagb-google-map__wrap uagb-block-8d408e72     \"\n\t\t\tstyle=\"\" >\n\t\t\t\t<embed\n\t\t\t\t\tclass=\"uagb-google-map__iframe\"\n\t\t\t\t\ttitle=\"Carte Google pour \"\n\t\t\t\t\tsrc=\"https:\/\/maps.google.com\/maps?q=place%20de%20la%20mairie%20Saint%20Veran&#038;z=16&#038;hl=en&#038;t=m&#038;output=embed&#038;iwloc=near\"\n\t\t\t\t\twidth=\"640\"\n\t\t\t\t\theight=\"375\"\n\t\t\t\t\tloading=\"lazy\"\n\t\t\t\t><\/embed>\n\t\t\t<\/div>\n\t\t\t<\/div>\n<\/div>\n\n\n\n<div style=\"height:84px\" aria-hidden=\"true\" class=\"wp-block-spacer\"><\/div>\n\n\n\n<div class=\"wp-block-uagb-inline-notice uagb-inline_notice__align-center uagb-block-87096394\" id=\"navettes-retour\"><button class=\"uagb-notice-close-button\" type=\"button\" aria-label=\"Close\"><\/button><h4 class=\"uagb-notice-title\">3- NAVETTES RETOUR<\/h4><div class=\"uagb-notice-text\">\n<p style=\"font-size:20px\">L&rsquo;organisation propose une navette gratuite, qui permet aux concurrents de<br>retourner au point de d\u00e9part \u00e0 Molines.<\/p>\n\n\n\n<p class=\"has-ast-global-color-5-background-color has-background\" style=\"border-width:2px;font-size:20px\">Emplacement du d\u00e9part de la navette : parking au bas du village de Saint-V\u00e9ran<br>Elle fonctionnera de 10h00 \u00e0 18h00<\/p>\n<\/div><\/div>\n\n\n\n<div class=\"wp-block-uagb-container uagb-block-6ca05936 default uagb-is-root-container\">\n<div class=\"wp-block-uagb-container uagb-block-5b1e08ba\">\n<iframe src=\"https:\/\/www.google.com\/maps\/embed?pb=!4v1762471448300!6m8!1m7!1sd7efaHrE7OAEjDon-VCv2w!2m2!1d44.69984380456464!2d6.865884666621918!3f84.34945026385317!4f-4.274569652664567!5f1.4960959577488269\" width=\"600\" height=\"450\" style=\"border:0;\" allowfullscreen=\"\" loading=\"lazy\" referrerpolicy=\"no-referrer-when-downgrade\"><\/iframe>\n<\/div>\n\n\n\n<div class=\"wp-block-uagb-container uagb-block-d3113d1b\">\t\t\t<div \n\t\t\tclass=\"wp-block-uagb-google-map uagb-google-map__wrap uagb-block-54f04793     \"\n\t\t\tstyle=\"\" >\n\t\t\t\t<embed\n\t\t\t\t\tclass=\"uagb-google-map__iframe\"\n\t\t\t\t\ttitle=\"Carte Google pour \"\n\t\t\t\t\tsrc=\"https:\/\/maps.google.com\/maps?q=Arr%C3%AAt%20Beauregard%20Saint%20V%C3%A9ran&#038;z=16&#038;hl=en&#038;t=m&#038;output=embed&#038;iwloc=near\"\n\t\t\t\t\twidth=\"640\"\n\t\t\t\t\theight=\"440\"\n\t\t\t\t\tloading=\"lazy\"\n\t\t\t\t><\/embed>\n\t\t\t<\/div>\n\t\t\t<\/div>\n<\/div>\n\n\n\n<div style=\"height:171px\" aria-hidden=\"true\" class=\"wp-block-spacer\"><\/div>\n\n\n\n<div class=\"wp-block-uagb-container uagb-block-52e4188b alignfull uagb-is-root-container\"><div class=\"uagb-container__shape uagb-container__shape-bottom uagb-container__invert\" data-negative=\"false\"><svg xmlns=\"https:\/\/www.w3.org\/2000\/svg\" viewBox=\"0 0 1000 100\" preserveAspectRatio=\"none\"><path class=\"uagb-container__shape-fill\" opacity=\"0.33\" d=\"M473,67.3c-203.9,88.3-263.1-34-320.3,0C66,119.1,0,59.7,0,59.7V0h1000v59.7 c0,0-62.1,26.1-94.9,29.3c-32.8,3.3-62.8-12.3-75.8-22.1C806,49.6,745.3,8.7,694.9,4.7S492.4,59,473,67.3z\"><\/path><path class=\"uagb-container__shape-fill\" opacity=\"0.66\" d=\"M734,67.3c-45.5,0-77.2-23.2-129.1-39.1c-28.6-8.7-150.3-10.1-254,39.1 s-91.7-34.4-149.2,0C115.7,118.3,0,39.8,0,39.8V0h1000v36.5c0,0-28.2-18.5-92.1-18.5C810.2,18.1,775.7,67.3,734,67.3z\"><\/path><path class=\"uagb-container__shape-fill\" d=\"M766.1,28.9c-200-57.5-266,65.5-395.1,19.5C242,1.8,242,5.4,184.8,20.6C128,35.8,132.3,44.9,89.9,52.5C28.6,63.7,0,0,0,0 h1000c0,0-9.9,40.9-83.6,48.1S829.6,47,766.1,28.9z\"><\/path><\/svg><\/div><div class=\"uagb-container-inner-blocks-wrap\"><\/div><\/div>\n","protected":false},"excerpt":{"rendered":"","protected":false},"author":2,"featured_media":0,"parent":20,"menu_order":0,"comment_status":"closed","ping_status":"closed","template":"","meta":{"_uag_custom_page_level_css":"","site-sidebar-layout":"default","site-content-layout":"","ast-site-content-layout":"default","site-content-style":"default","site-sidebar-style":"default","ast-global-header-display":"","ast-banner-title-visibility":"","ast-main-header-display":"","ast-hfb-above-header-display":"","ast-hfb-below-header-display":"","ast-hfb-mobile-header-display":"","site-post-title":"disabled","ast-breadcrumbs-content":"","ast-featured-img":"","footer-sml-layout":"","ast-disable-related-posts":"","theme-transparent-header-meta":"","adv-header-id-meta":"","stick-header-meta":"","header-above-stick-meta":"","header-main-stick-meta":"","header-below-stick-meta":"","astra-migrate-meta-layouts":"default","ast-page-background-enabled":"default","ast-page-background-meta":{"desktop":{"background-color":"var(--ast-global-color-5)","background-image":"","background-repeat":"repeat","background-position":"center center","background-size":"auto","background-attachment":"scroll","background-type":"","background-media":"","overlay-type":"","overlay-color":"","overlay-opacity":"","overlay-gradient":""},"tablet":{"background-color":"","background-image":"","background-repeat":"repeat","background-position":"center center","background-size":"auto","background-attachment":"scroll","background-type":"","background-media":"","overlay-type":"","overlay-color":"","overlay-opacity":"","overlay-gradient":""},"mobile":{"background-color":"","background-image":"","background-repeat":"repeat","background-position":"center center","background-size":"auto","background-attachment":"scroll","background-type":"","background-media":"","overlay-type":"","overlay-color":"","overlay-opacity":"","overlay-gradient":""}},"ast-content-background-meta":{"desktop":{"background-color":"var(--ast-global-color-4)","background-image":"","background-repeat":"repeat","background-position":"center center","background-size":"auto","background-attachment":"scroll","background-type":"","background-media":"","overlay-type":"","overlay-color":"","overlay-opacity":"","overlay-gradient":""},"tablet":{"background-color":"var(--ast-global-color-4)","background-image":"","background-repeat":"repeat","background-position":"center center","background-size":"auto","background-attachment":"scroll","background-type":"","background-media":"","overlay-type":"","overlay-color":"","overlay-opacity":"","overlay-gradient":""},"mobile":{"background-color":"var(--ast-global-color-4)","background-image":"","background-repeat":"repeat","background-position":"center center","background-size":"auto","background-attachment":"scroll","background-type":"","background-media":"","overlay-type":"","overlay-color":"","overlay-opacity":"","overlay-gradient":""}},"footnotes":""},"class_list":["post-28","page","type-page","status-publish","hentry"],"yoast_head":"<!-- This site is optimized with the Yoast SEO plugin v27.2 - https:\/\/yoast.com\/product\/yoast-seo-wordpress\/ -->\n<title>ACCES - Trail des Etoiles<\/title>\n<meta name=\"robots\" content=\"index, follow, max-snippet:-1, max-image-preview:large, max-video-preview:-1\" \/>\n<link rel=\"canonical\" href=\"https:\/\/traildesetoiles.fr\/index.php\/infos-pratiques\/acces\/\" \/>\n<meta property=\"og:locale\" content=\"fr_FR\" \/>\n<meta property=\"og:type\" content=\"article\" \/>\n<meta property=\"og:title\" content=\"ACCES - Trail des Etoiles\" \/>\n<meta property=\"og:url\" content=\"https:\/\/traildesetoiles.fr\/index.php\/infos-pratiques\/acces\/\" \/>\n<meta property=\"og:site_name\" content=\"Trail des Etoiles\" \/>\n<meta property=\"article:publisher\" content=\"https:\/\/www.facebook.com\/trail.des.etoiles.05\/\" \/>\n<meta property=\"article:modified_time\" content=\"2025-11-11T17:13:49+00:00\" \/>\n<meta property=\"og:image\" content=\"https:\/\/traildesetoiles.fr\/wp-content\/uploads\/2025\/11\/PierrePapet-TrailDesEtoiles-SecondBatch-8-1024x683.jpg\" \/>\n<meta name=\"twitter:card\" content=\"summary_large_image\" \/>\n<script type=\"application\/ld+json\" class=\"yoast-schema-graph\">{\"@context\":\"https:\/\/schema.org\",\"@graph\":[{\"@type\":\"WebPage\",\"@id\":\"https:\/\/traildesetoiles.fr\/index.php\/infos-pratiques\/acces\/\",\"url\":\"https:\/\/traildesetoiles.fr\/index.php\/infos-pratiques\/acces\/\",\"name\":\"ACCES - Trail des Etoiles\",\"isPartOf\":{\"@id\":\"https:\/\/traildesetoiles.fr\/#website\"},\"primaryImageOfPage\":{\"@id\":\"https:\/\/traildesetoiles.fr\/index.php\/infos-pratiques\/acces\/#primaryimage\"},\"image\":{\"@id\":\"https:\/\/traildesetoiles.fr\/index.php\/infos-pratiques\/acces\/#primaryimage\"},\"thumbnailUrl\":\"https:\/\/traildesetoiles.fr\/wp-content\/uploads\/2025\/11\/PierrePapet-TrailDesEtoiles-SecondBatch-8-1024x683.jpg\",\"datePublished\":\"2025-10-29T15:05:58+00:00\",\"dateModified\":\"2025-11-11T17:13:49+00:00\",\"breadcrumb\":{\"@id\":\"https:\/\/traildesetoiles.fr\/index.php\/infos-pratiques\/acces\/#breadcrumb\"},\"inLanguage\":\"fr-FR\",\"potentialAction\":[{\"@type\":\"ReadAction\",\"target\":[\"https:\/\/traildesetoiles.fr\/index.php\/infos-pratiques\/acces\/\"]}]},{\"@type\":\"ImageObject\",\"inLanguage\":\"fr-FR\",\"@id\":\"https:\/\/traildesetoiles.fr\/index.php\/infos-pratiques\/acces\/#primaryimage\",\"url\":\"https:\/\/traildesetoiles.fr\/wp-content\/uploads\/2025\/11\/PierrePapet-TrailDesEtoiles-SecondBatch-8-scaled.jpg\",\"contentUrl\":\"https:\/\/traildesetoiles.fr\/wp-content\/uploads\/2025\/11\/PierrePapet-TrailDesEtoiles-SecondBatch-8-scaled.jpg\",\"width\":2560,\"height\":1707},{\"@type\":\"BreadcrumbList\",\"@id\":\"https:\/\/traildesetoiles.fr\/index.php\/infos-pratiques\/acces\/#breadcrumb\",\"itemListElement\":[{\"@type\":\"ListItem\",\"position\":1,\"name\":\"Accueil\",\"item\":\"https:\/\/traildesetoiles.fr\/\"},{\"@type\":\"ListItem\",\"position\":2,\"name\":\"INFOS PRATIQUES\",\"item\":\"https:\/\/traildesetoiles.fr\/index.php\/infos-pratiques\/\"},{\"@type\":\"ListItem\",\"position\":3,\"name\":\"ACCES\"}]},{\"@type\":\"WebSite\",\"@id\":\"https:\/\/traildesetoiles.fr\/#website\",\"url\":\"https:\/\/traildesetoiles.fr\/\",\"name\":\"Trail des Etoiles\",\"description\":\"by Queyras Trail\",\"publisher\":{\"@id\":\"https:\/\/traildesetoiles.fr\/#organization\"},\"potentialAction\":[{\"@type\":\"SearchAction\",\"target\":{\"@type\":\"EntryPoint\",\"urlTemplate\":\"https:\/\/traildesetoiles.fr\/?s={search_term_string}\"},\"query-input\":{\"@type\":\"PropertyValueSpecification\",\"valueRequired\":true,\"valueName\":\"search_term_string\"}}],\"inLanguage\":\"fr-FR\"},{\"@type\":\"Organization\",\"@id\":\"https:\/\/traildesetoiles.fr\/#organization\",\"name\":\"Trail des Etoiles\",\"url\":\"https:\/\/traildesetoiles.fr\/\",\"logo\":{\"@type\":\"ImageObject\",\"inLanguage\":\"fr-FR\",\"@id\":\"https:\/\/traildesetoiles.fr\/#\/schema\/logo\/image\/\",\"url\":\"https:\/\/traildesetoiles.fr\/wp-content\/uploads\/2025\/11\/cropped-trail-black-02-scaled-1.png\",\"contentUrl\":\"https:\/\/traildesetoiles.fr\/wp-content\/uploads\/2025\/11\/cropped-trail-black-02-scaled-1.png\",\"width\":2558,\"height\":1206,\"caption\":\"Trail des Etoiles\"},\"image\":{\"@id\":\"https:\/\/traildesetoiles.fr\/#\/schema\/logo\/image\/\"},\"sameAs\":[\"https:\/\/www.facebook.com\/trail.des.etoiles.05\/\",\"https:\/\/www.instagram.com\/traildesetoiles05\/\"]}]}<\/script>\n<!-- \/ Yoast SEO plugin. -->","yoast_head_json":{"title":"ACCES - Trail des Etoiles","robots":{"index":"index","follow":"follow","max-snippet":"max-snippet:-1","max-image-preview":"max-image-preview:large","max-video-preview":"max-video-preview:-1"},"canonical":"https:\/\/traildesetoiles.fr\/index.php\/infos-pratiques\/acces\/","og_locale":"fr_FR","og_type":"article","og_title":"ACCES - Trail des Etoiles","og_url":"https:\/\/traildesetoiles.fr\/index.php\/infos-pratiques\/acces\/","og_site_name":"Trail des Etoiles","article_publisher":"https:\/\/www.facebook.com\/trail.des.etoiles.05\/","article_modified_time":"2025-11-11T17:13:49+00:00","og_image":[{"url":"https:\/\/traildesetoiles.fr\/wp-content\/uploads\/2025\/11\/PierrePapet-TrailDesEtoiles-SecondBatch-8-1024x683.jpg","type":"","width":"","height":""}],"twitter_card":"summary_large_image","schema":{"@context":"https:\/\/schema.org","@graph":[{"@type":"WebPage","@id":"https:\/\/traildesetoiles.fr\/index.php\/infos-pratiques\/acces\/","url":"https:\/\/traildesetoiles.fr\/index.php\/infos-pratiques\/acces\/","name":"ACCES - Trail des Etoiles","isPartOf":{"@id":"https:\/\/traildesetoiles.fr\/#website"},"primaryImageOfPage":{"@id":"https:\/\/traildesetoiles.fr\/index.php\/infos-pratiques\/acces\/#primaryimage"},"image":{"@id":"https:\/\/traildesetoiles.fr\/index.php\/infos-pratiques\/acces\/#primaryimage"},"thumbnailUrl":"https:\/\/traildesetoiles.fr\/wp-content\/uploads\/2025\/11\/PierrePapet-TrailDesEtoiles-SecondBatch-8-1024x683.jpg","datePublished":"2025-10-29T15:05:58+00:00","dateModified":"2025-11-11T17:13:49+00:00","breadcrumb":{"@id":"https:\/\/traildesetoiles.fr\/index.php\/infos-pratiques\/acces\/#breadcrumb"},"inLanguage":"fr-FR","potentialAction":[{"@type":"ReadAction","target":["https:\/\/traildesetoiles.fr\/index.php\/infos-pratiques\/acces\/"]}]},{"@type":"ImageObject","inLanguage":"fr-FR","@id":"https:\/\/traildesetoiles.fr\/index.php\/infos-pratiques\/acces\/#primaryimage","url":"https:\/\/traildesetoiles.fr\/wp-content\/uploads\/2025\/11\/PierrePapet-TrailDesEtoiles-SecondBatch-8-scaled.jpg","contentUrl":"https:\/\/traildesetoiles.fr\/wp-content\/uploads\/2025\/11\/PierrePapet-TrailDesEtoiles-SecondBatch-8-scaled.jpg","width":2560,"height":1707},{"@type":"BreadcrumbList","@id":"https:\/\/traildesetoiles.fr\/index.php\/infos-pratiques\/acces\/#breadcrumb","itemListElement":[{"@type":"ListItem","position":1,"name":"Accueil","item":"https:\/\/traildesetoiles.fr\/"},{"@type":"ListItem","position":2,"name":"INFOS PRATIQUES","item":"https:\/\/traildesetoiles.fr\/index.php\/infos-pratiques\/"},{"@type":"ListItem","position":3,"name":"ACCES"}]},{"@type":"WebSite","@id":"https:\/\/traildesetoiles.fr\/#website","url":"https:\/\/traildesetoiles.fr\/","name":"Trail des Etoiles","description":"by Queyras Trail","publisher":{"@id":"https:\/\/traildesetoiles.fr\/#organization"},"potentialAction":[{"@type":"SearchAction","target":{"@type":"EntryPoint","urlTemplate":"https:\/\/traildesetoiles.fr\/?s={search_term_string}"},"query-input":{"@type":"PropertyValueSpecification","valueRequired":true,"valueName":"search_term_string"}}],"inLanguage":"fr-FR"},{"@type":"Organization","@id":"https:\/\/traildesetoiles.fr\/#organization","name":"Trail des Etoiles","url":"https:\/\/traildesetoiles.fr\/","logo":{"@type":"ImageObject","inLanguage":"fr-FR","@id":"https:\/\/traildesetoiles.fr\/#\/schema\/logo\/image\/","url":"https:\/\/traildesetoiles.fr\/wp-content\/uploads\/2025\/11\/cropped-trail-black-02-scaled-1.png","contentUrl":"https:\/\/traildesetoiles.fr\/wp-content\/uploads\/2025\/11\/cropped-trail-black-02-scaled-1.png","width":2558,"height":1206,"caption":"Trail des Etoiles"},"image":{"@id":"https:\/\/traildesetoiles.fr\/#\/schema\/logo\/image\/"},"sameAs":["https:\/\/www.facebook.com\/trail.des.etoiles.05\/","https:\/\/www.instagram.com\/traildesetoiles05\/"]}]}},"uagb_featured_image_src":{"full":false,"thumbnail":false,"medium":false,"medium_large":false,"large":false,"1536x1536":false,"2048x2048":false},"uagb_author_info":{"display_name":"Pierrick A","author_link":"https:\/\/traildesetoiles.fr\/index.php\/author\/pierrick-a\/"},"uagb_comment_info":0,"uagb_excerpt":null,"_links":{"self":[{"href":"https:\/\/traildesetoiles.fr\/index.php\/wp-json\/wp\/v2\/pages\/28","targetHints":{"allow":["GET"]}}],"collection":[{"href":"https:\/\/traildesetoiles.fr\/index.php\/wp-json\/wp\/v2\/pages"}],"about":[{"href":"https:\/\/traildesetoiles.fr\/index.php\/wp-json\/wp\/v2\/types\/page"}],"author":[{"embeddable":true,"href":"https:\/\/traildesetoiles.fr\/index.php\/wp-json\/wp\/v2\/users\/2"}],"replies":[{"embeddable":true,"href":"https:\/\/traildesetoiles.fr\/index.php\/wp-json\/wp\/v2\/comments?post=28"}],"version-history":[{"count":19,"href":"https:\/\/traildesetoiles.fr\/index.php\/wp-json\/wp\/v2\/pages\/28\/revisions"}],"predecessor-version":[{"id":750,"href":"https:\/\/traildesetoiles.fr\/index.php\/wp-json\/wp\/v2\/pages\/28\/revisions\/750"}],"up":[{"embeddable":true,"href":"https:\/\/traildesetoiles.fr\/index.php\/wp-json\/wp\/v2\/pages\/20"}],"wp:attachment":[{"href":"https:\/\/traildesetoiles.fr\/index.php\/wp-json\/wp\/v2\/media?parent=28"}],"curies":[{"name":"wp","href":"https:\/\/api.w.org\/{rel}","templated":true}]}}